{"id":988234,"date":"2021-01-26T14:55:07","date_gmt":"2021-01-26T13:55:07","guid":{"rendered":"https:\/\/www.rubin.smartnetmedia.rs\/?post_type=product&#038;p=988234"},"modified":"2024-11-08T09:46:44","modified_gmt":"2024-11-08T08:46:44","slug":"vronsky","status":"publish","type":"product","link":"https:\/\/www.rubin.rs\/en\/proizvod\/vronsky\/","title":{"rendered":"VRONSKY WHITE"},"content":{"rendered":"<div data-elementor-type=\"wp-post\" data-elementor-id=\"988234\" class=\"elementor elementor-988234\">\n\t\t\t\t\t\t<section class=\"elementor-section elementor-top-section elementor-element elementor-element-6e6e16e elementor-section-boxed elementor-section-height-default elementor-section-height-default\" data-id=\"6e6e16e\" data-element_type=\"section\" data-e-type=\"section\">\n\t\t\t\t\t\t<div class=\"elementor-container elementor-column-gap-default\">\n\t\t\t\t\t<div class=\"elementor-column elementor-col-100 elementor-top-column elementor-element elementor-element-2d374a27\" data-id=\"2d374a27\" data-element_type=\"column\" data-e-type=\"column\">\n\t\t\t<div class=\"elementor-widget-wrap elementor-element-populated\">\n\t\t\t\t\t\t<div class=\"elementor-element elementor-element-3fb4b71d elementor-widget elementor-widget-text-editor\" data-id=\"3fb4b71d\" data-element_type=\"widget\" data-e-type=\"widget\" data-widget_type=\"text-editor.default\">\n\t\t\t\t<div class=\"elementor-widget-container\">\n\t\t\t\t\t\t\t\t\t<p>\u00a0<\/p><p>Proizvodi se po tradicionalnoj \u2013 klasi\u010dnoj Champenoise &#8211; \u0160ampanjskoj metodi, gde se sekundarna fermentacija sprovodi u bocama, na potpuno identi\u010dan na\u010din kako se to stotinama godina unazad radilo a i danas se radi u postojbini ovih vina, \u010duvenoj \u0160ampanji. Sorta gro\u017e\u0111a chardonnay, iz vinograda u Pre\u0161evu. Ovakav na\u010din proizvodnje je dugotrajan, kompleksan i prili\u010dno skup, zahteva mnogo ru\u010dnog rada, ali s druge strane daje penu\u0161ava vina zaista vrhunskog \u2013 najboljeg kvaliteta.\u00a0 Osnovna karakteristika proizvodnje penu\u0161avih vina sastoji se u tome \u0161to se gotovom vinu dodaje poseban sastojak, kao pe\u010dat svakog penu\u0161avog vina, kod nas je to Arhivski Vinjak. Prefinjeno vino, za posebne, sve\u010dane trenutke I uz sve vrste dezerta I laganih obroka. Preporu\u010duje se da se slu\u017ei ohla\u0111en na temperaturi od 7-9\u00baC. Ime ovog autenti\u010dnog penu\u0161avca prefinjenog ukusa, zapravo je posveta ruskom pukovniku Nikolaju Nikolajevi\u010du Rajevskom (alijas grof Vronski iz romana Ana Karenjina) koji je dao \u017eivot u borbi za oslobo\u0111enje Srbije od Turaka. U slavu ovog velikog junaka i ljubavi koju je gajio prema Ani Karenjinoj, u Rubinu je odlu\u010deno da ova posebna vina, dobiju upravo ime Vronsky.<\/p>\t\t\t\t\t\t\t\t<\/div>\n\t\t\t\t<\/div>\n\t\t\t\t\t<\/div>\n\t\t<\/div>\n\t\t\t\t\t<\/div>\n\t\t<\/section>\n\t\t\t\t<section class=\"elementor-section elementor-top-section elementor-element elementor-element-653d548 elementor-section-boxed elementor-section-height-default elementor-section-height-default\" data-id=\"653d548\" data-element_type=\"section\" data-e-type=\"section\">\n\t\t\t\t\t\t<div class=\"elementor-container elementor-column-gap-default\">\n\t\t\t\t\t<div class=\"elementor-column elementor-col-100 elementor-top-column elementor-element elementor-element-494b656\" data-id=\"494b656\" data-element_type=\"column\" data-e-type=\"column\">\n\t\t\t<div class=\"elementor-widget-wrap elementor-element-populated\">\n\t\t\t\t\t\t<div class=\"elementor-element elementor-element-e21b319 elementor-widget elementor-widget-media-carousel\" data-id=\"e21b319\" data-element_type=\"widget\" data-e-type=\"widget\" data-widget_type=\"media-carousel.default\">\n\t\t\t\t<div class=\"elementor-widget-container\">\n\t\t\t\t\t \t\t\t\t<\/div>\n\t\t\t\t<\/div>\n\t\t\t\t\t<\/div>\n\t\t<\/div>\n\t\t\t\t\t<\/div>\n\t\t<\/section>\n\t\t\t\t<section class=\"elementor-section elementor-top-section elementor-element elementor-element-a21efb2 elementor-section-boxed elementor-section-height-default elementor-section-height-default\" data-id=\"a21efb2\" data-element_type=\"section\" data-e-type=\"section\">\n\t\t\t\t\t\t<div class=\"elementor-container elementor-column-gap-default\">\n\t\t\t\t\t<div class=\"elementor-column elementor-col-100 elementor-top-column elementor-element elementor-element-d6baeec\" data-id=\"d6baeec\" data-element_type=\"column\" data-e-type=\"column\">\n\t\t\t<div class=\"elementor-widget-wrap elementor-element-populated\">\n\t\t\t\t\t\t<div class=\"elementor-element elementor-element-7ec70e1 elementor-widget elementor-widget-video\" data-id=\"7ec70e1\" data-element_type=\"widget\" data-e-type=\"widget\" data-settings=\"{&quot;youtube_url&quot;:&quot;https:\\\/\\\/www.youtube.com\\\/watch?v=gnwM-JMLDq8&quot;,&quot;video_type&quot;:&quot;youtube&quot;,&quot;controls&quot;:&quot;yes&quot;}\" data-widget_type=\"video.default\">\n\t\t\t\t<div class=\"elementor-widget-container\">\n\t\t\t\t\t\t\t<div class=\"elementor-wrapper elementor-open-inline\">\n\t\t\t<div class=\"elementor-video\"><\/div>\t\t<\/div>\n\t\t\t\t\t\t<\/div>\n\t\t\t\t<\/div>\n\t\t\t\t\t<\/div>\n\t\t<\/div>\n\t\t\t\t\t<\/div>\n\t\t<\/section>\n\t\t\t\t<\/div>","protected":false},"excerpt":{"rendered":"<ul>\n<li><span style=\"color: #c3002f;\"><em>Alcohol content: 11% v \/ v<\/em><\/span><\/li>\n<li><span style=\"color: #c3002f;\"><em>It is filled into glass bottles with a volume of 0.75l and 1.5l<\/em><\/span><\/li>\n<\/ul>","protected":false},"featured_media":990314,"comment_status":"closed","ping_status":"closed","template":"","meta":[],"product_brand":[],"product_cat":[57],"product_tag":[],"class_list":{"0":"post-988234","1":"product","2":"type-product","3":"status-publish","4":"has-post-thumbnail","6":"product_cat-penusava-vina","8":"first","9":"instock","10":"shipping-taxable","11":"product-type-simple"},"yoast_head":"<!-- This site is optimized with the Yoast SEO plugin v27.1.1 - https:\/\/yoast.com\/product\/yoast-seo-wordpress\/ -->\n<title>VRONSKY BELO | PENU\u0160AVO VINO | Rubin<\/title>\n<meta name=\"robots\" content=\"index, follow, max-snippet:-1, max-image-preview:large, max-video-preview:-1\" \/>\n<link rel=\"canonical\" href=\"https:\/\/www.rubin.rs\/en\/proizvod\/vronsky\/\" \/>\n<meta property=\"og:locale\" content=\"en_US\" \/>\n<meta property=\"og:type\" content=\"article\" \/>\n<meta property=\"og:title\" content=\"VRONSKY BELO | PENU\u0160AVO VINO | Rubin\" \/>\n<meta property=\"og:description\" content=\"Sadr\u017eaj alkohola: 11%v\/v  Puni se u staklene boce zapremine 0.75l i 1.5l\" \/>\n<meta property=\"og:url\" content=\"https:\/\/www.rubin.rs\/en\/proizvod\/vronsky\/\" \/>\n<meta property=\"og:site_name\" content=\"Rubin\" \/>\n<meta property=\"article:modified_time\" content=\"2024-11-08T08:46:44+00:00\" \/>\n<meta property=\"og:image\" content=\"https:\/\/www.rubin.rs\/wp-content\/uploads\/2021\/01\/vronsky-sa-medaljama-1-2.png\" \/>\n\t<meta property=\"og:image:width\" content=\"1313\" \/>\n\t<meta property=\"og:image:height\" content=\"1313\" \/>\n\t<meta property=\"og:image:type\" content=\"image\/png\" \/>\n<meta name=\"twitter:card\" content=\"summary_large_image\" \/>\n<script type=\"application\/ld+json\" class=\"yoast-schema-graph\">{\"@context\":\"https:\/\/schema.org\",\"@graph\":[{\"@type\":\"WebPage\",\"@id\":\"https:\/\/www.rubin.rs\/proizvod\/vronsky\/\",\"url\":\"https:\/\/www.rubin.rs\/proizvod\/vronsky\/\",\"name\":\"VRONSKY BELO | PENU\u0160AVO VINO | Rubin\",\"isPartOf\":{\"@id\":\"https:\/\/www.rubin.rs\/#website\"},\"primaryImageOfPage\":{\"@id\":\"https:\/\/www.rubin.rs\/proizvod\/vronsky\/#primaryimage\"},\"image\":{\"@id\":\"https:\/\/www.rubin.rs\/proizvod\/vronsky\/#primaryimage\"},\"thumbnailUrl\":\"https:\/\/www.rubin.rs\/wp-content\/uploads\/2021\/01\/vronsky-sa-medaljama-1-2.png\",\"datePublished\":\"2021-01-26T13:55:07+00:00\",\"dateModified\":\"2024-11-08T08:46:44+00:00\",\"breadcrumb\":{\"@id\":\"https:\/\/www.rubin.rs\/proizvod\/vronsky\/#breadcrumb\"},\"inLanguage\":\"en-US\",\"potentialAction\":[{\"@type\":\"ReadAction\",\"target\":[\"https:\/\/www.rubin.rs\/proizvod\/vronsky\/\"]}]},{\"@type\":\"ImageObject\",\"inLanguage\":\"en-US\",\"@id\":\"https:\/\/www.rubin.rs\/proizvod\/vronsky\/#primaryimage\",\"url\":\"https:\/\/www.rubin.rs\/wp-content\/uploads\/2021\/01\/vronsky-sa-medaljama-1-2.png\",\"contentUrl\":\"https:\/\/www.rubin.rs\/wp-content\/uploads\/2021\/01\/vronsky-sa-medaljama-1-2.png\",\"width\":1313,\"height\":1313},{\"@type\":\"BreadcrumbList\",\"@id\":\"https:\/\/www.rubin.rs\/proizvod\/vronsky\/#breadcrumb\",\"itemListElement\":[{\"@type\":\"ListItem\",\"position\":1,\"name\":\"\u041f\u043e\u0447\u0435\u0442\u043d\u0430\",\"item\":\"https:\/\/www.rubin.rs\/\"},{\"@type\":\"ListItem\",\"position\":2,\"name\":\"Shop\",\"item\":\"https:\/\/www.rubin.rs\/shop\/\"},{\"@type\":\"ListItem\",\"position\":3,\"name\":\"VRONSKY BELO\"}]},{\"@type\":\"WebSite\",\"@id\":\"https:\/\/www.rubin.rs\/#website\",\"url\":\"https:\/\/www.rubin.rs\/\",\"name\":\"Rubin\",\"description\":\"\",\"publisher\":{\"@id\":\"https:\/\/www.rubin.rs\/#organization\"},\"potentialAction\":[{\"@type\":\"SearchAction\",\"target\":{\"@type\":\"EntryPoint\",\"urlTemplate\":\"https:\/\/www.rubin.rs\/?s={search_term_string}\"},\"query-input\":{\"@type\":\"PropertyValueSpecification\",\"valueRequired\":true,\"valueName\":\"search_term_string\"}}],\"inLanguage\":\"en-US\"},{\"@type\":\"Organization\",\"@id\":\"https:\/\/www.rubin.rs\/#organization\",\"name\":\"Rubin\",\"url\":\"https:\/\/www.rubin.rs\/\",\"logo\":{\"@type\":\"ImageObject\",\"inLanguage\":\"en-US\",\"@id\":\"https:\/\/www.rubin.rs\/#\/schema\/logo\/image\/\",\"url\":\"https:\/\/www.rubin.rs\/wp-content\/uploads\/2021\/01\/cropped-cropped-rubin-logo-1-1.png\",\"contentUrl\":\"https:\/\/www.rubin.rs\/wp-content\/uploads\/2021\/01\/cropped-cropped-rubin-logo-1-1.png\",\"width\":261,\"height\":106,\"caption\":\"Rubin\"},\"image\":{\"@id\":\"https:\/\/www.rubin.rs\/#\/schema\/logo\/image\/\"}}]}<\/script>\n<!-- \/ Yoast SEO plugin. -->","yoast_head_json":{"title":"VRONSKY BELO | PENU\u0160AVO VINO | Rubin","robots":{"index":"index","follow":"follow","max-snippet":"max-snippet:-1","max-image-preview":"max-image-preview:large","max-video-preview":"max-video-preview:-1"},"canonical":"https:\/\/www.rubin.rs\/en\/proizvod\/vronsky\/","og_locale":"en_US","og_type":"article","og_title":"VRONSKY BELO | PENU\u0160AVO VINO | Rubin","og_description":"Sadr\u017eaj alkohola: 11%v\/v  Puni se u staklene boce zapremine 0.75l i 1.5l","og_url":"https:\/\/www.rubin.rs\/en\/proizvod\/vronsky\/","og_site_name":"Rubin","article_modified_time":"2024-11-08T08:46:44+00:00","og_image":[{"width":1313,"height":1313,"url":"https:\/\/www.rubin.rs\/wp-content\/uploads\/2021\/01\/vronsky-sa-medaljama-1-2.png","type":"image\/png"}],"twitter_card":"summary_large_image","schema":{"@context":"https:\/\/schema.org","@graph":[{"@type":"WebPage","@id":"https:\/\/www.rubin.rs\/proizvod\/vronsky\/","url":"https:\/\/www.rubin.rs\/proizvod\/vronsky\/","name":"VRONSKY BELO | PENU\u0160AVO VINO | Rubin","isPartOf":{"@id":"https:\/\/www.rubin.rs\/#website"},"primaryImageOfPage":{"@id":"https:\/\/www.rubin.rs\/proizvod\/vronsky\/#primaryimage"},"image":{"@id":"https:\/\/www.rubin.rs\/proizvod\/vronsky\/#primaryimage"},"thumbnailUrl":"https:\/\/www.rubin.rs\/wp-content\/uploads\/2021\/01\/vronsky-sa-medaljama-1-2.png","datePublished":"2021-01-26T13:55:07+00:00","dateModified":"2024-11-08T08:46:44+00:00","breadcrumb":{"@id":"https:\/\/www.rubin.rs\/proizvod\/vronsky\/#breadcrumb"},"inLanguage":"en-US","potentialAction":[{"@type":"ReadAction","target":["https:\/\/www.rubin.rs\/proizvod\/vronsky\/"]}]},{"@type":"ImageObject","inLanguage":"en-US","@id":"https:\/\/www.rubin.rs\/proizvod\/vronsky\/#primaryimage","url":"https:\/\/www.rubin.rs\/wp-content\/uploads\/2021\/01\/vronsky-sa-medaljama-1-2.png","contentUrl":"https:\/\/www.rubin.rs\/wp-content\/uploads\/2021\/01\/vronsky-sa-medaljama-1-2.png","width":1313,"height":1313},{"@type":"BreadcrumbList","@id":"https:\/\/www.rubin.rs\/proizvod\/vronsky\/#breadcrumb","itemListElement":[{"@type":"ListItem","position":1,"name":"\u041f\u043e\u0447\u0435\u0442\u043d\u0430","item":"https:\/\/www.rubin.rs\/"},{"@type":"ListItem","position":2,"name":"Shop","item":"https:\/\/www.rubin.rs\/shop\/"},{"@type":"ListItem","position":3,"name":"VRONSKY BELO"}]},{"@type":"WebSite","@id":"https:\/\/www.rubin.rs\/#website","url":"https:\/\/www.rubin.rs\/","name":"Rubin","description":"","publisher":{"@id":"https:\/\/www.rubin.rs\/#organization"},"potentialAction":[{"@type":"SearchAction","target":{"@type":"EntryPoint","urlTemplate":"https:\/\/www.rubin.rs\/?s={search_term_string}"},"query-input":{"@type":"PropertyValueSpecification","valueRequired":true,"valueName":"search_term_string"}}],"inLanguage":"en-US"},{"@type":"Organization","@id":"https:\/\/www.rubin.rs\/#organization","name":"Rubin","url":"https:\/\/www.rubin.rs\/","logo":{"@type":"ImageObject","inLanguage":"en-US","@id":"https:\/\/www.rubin.rs\/#\/schema\/logo\/image\/","url":"https:\/\/www.rubin.rs\/wp-content\/uploads\/2021\/01\/cropped-cropped-rubin-logo-1-1.png","contentUrl":"https:\/\/www.rubin.rs\/wp-content\/uploads\/2021\/01\/cropped-cropped-rubin-logo-1-1.png","width":261,"height":106,"caption":"Rubin"},"image":{"@id":"https:\/\/www.rubin.rs\/#\/schema\/logo\/image\/"}}]}},"_links":{"self":[{"href":"https:\/\/www.rubin.rs\/en\/wp-json\/wp\/v2\/product\/988234","targetHints":{"allow":["GET"]}}],"collection":[{"href":"https:\/\/www.rubin.rs\/en\/wp-json\/wp\/v2\/product"}],"about":[{"href":"https:\/\/www.rubin.rs\/en\/wp-json\/wp\/v2\/types\/product"}],"replies":[{"embeddable":true,"href":"https:\/\/www.rubin.rs\/en\/wp-json\/wp\/v2\/comments?post=988234"}],"version-history":[{"count":16,"href":"https:\/\/www.rubin.rs\/en\/wp-json\/wp\/v2\/product\/988234\/revisions"}],"predecessor-version":[{"id":990723,"href":"https:\/\/www.rubin.rs\/en\/wp-json\/wp\/v2\/product\/988234\/revisions\/990723"}],"wp:featuredmedia":[{"embeddable":true,"href":"https:\/\/www.rubin.rs\/en\/wp-json\/wp\/v2\/media\/990314"}],"wp:attachment":[{"href":"https:\/\/www.rubin.rs\/en\/wp-json\/wp\/v2\/media?parent=988234"}],"wp:term":[{"taxonomy":"product_brand","embeddable":true,"href":"https:\/\/www.rubin.rs\/en\/wp-json\/wp\/v2\/product_brand?post=988234"},{"taxonomy":"product_cat","embeddable":true,"href":"https:\/\/www.rubin.rs\/en\/wp-json\/wp\/v2\/product_cat?post=988234"},{"taxonomy":"product_tag","embeddable":true,"href":"https:\/\/www.rubin.rs\/en\/wp-json\/wp\/v2\/product_tag?post=988234"}],"curies":[{"name":"wp","href":"https:\/\/api.w.org\/{rel}","templated":true}]}}