{"id":988302,"date":"2021-01-26T15:38:07","date_gmt":"2021-01-26T14:38:07","guid":{"rendered":"https:\/\/www.rubin.smartnetmedia.rs\/?post_type=product&#038;p=988302"},"modified":"2026-02-19T11:18:23","modified_gmt":"2026-02-19T10:18:23","slug":"rubin-pelinkovac-2","status":"publish","type":"product","link":"https:\/\/www.rubin.rs\/en\/proizvod\/rubin-pelinkovac-2\/","title":{"rendered":"Rubin Pelinkovac"},"content":{"rendered":"<div class=\"vgblk-rw-wrapper limit-wrapper\">Rubin PELINKOVAC<\/p>\n<p><strong><span style=\"color: #c3002f;\">Novi ukus! Snaga 35 pa\u017eljivo odabranih biljaka u jednoj boci.<\/span><\/strong><\/p>\n<p>Predstavljamo Pelinkovac nove generacije i pa\u017eljivo izbalansiranim prirodnim aromama, kreiran da odgovori savremenim potro\u0161a\u010dkim navikama i rastu\u0107em interesovanju za ovu kategoriju pi\u0107a.<\/p>\n<p>Nova unapre\u0111ena receptura predstavlja sna\u017ean odgovor na rastu\u0107u tra\u017enju i jasno pozicionira proizvod kao relevantan izbor za dana\u0161nje tr\u017ei\u0161te.<\/p>\n<p>Jedinstvena selekcija 35 vrsta aromati\u010dnog bilja donose blagotvornu snagu prirode u svom najfinijem obliku. Svaka biljka u ovoj recepturi izabrana je zbog svojih posebnih svojstava &#8211; od osve\u017eavaju\u0107ih i umiruju\u0107ih, do onih koji doprinose op\u0161tem blagostanju. Rezultat je uravnote\u017een, aromati\u010dan i postojan proizvod, koji se izdvaja biljnim karakterom.<\/p>\n<p>Za svakodnevnu upotrebu i opu\u0161tanje, od ro\u0111endana do slava, prazni\u010dnih trpeza, spontanih dru\u017eenja, diplomiranja, uz ro\u0161tilj, piknik, porodi\u010dan ru\u010dak, putovanja. Idealan je u dru\u0161tvu voljenih osoba.<\/p><\/div>\n<p><!-- .vgblk-rw-wrapper --><\/p>","protected":false},"excerpt":{"rendered":"<ul>\n<li><span style=\"color: #c3002f;\"><em>Alcohol content: 28% v \/ v<\/em><\/span><\/li>\n<li><span style=\"color: #c3002f;\"><em>It is filled into glass bottles with a volume of 1l and 0.1l<\/em><\/span><\/li>\n<li><span style=\"color: #c3002f;\"><em>Exclusive package: 1l + 2 glasses in decorative box<\/em><\/span><\/li>\n<\/ul>","protected":false},"featured_media":991036,"comment_status":"closed","ping_status":"closed","template":"","meta":[],"product_brand":[],"product_cat":[53],"product_tag":[],"class_list":{"0":"post-988302","1":"product","2":"type-product","3":"status-publish","4":"has-post-thumbnail","6":"product_cat-likeri","8":"first","9":"instock","10":"shipping-taxable","11":"product-type-variable","12":"has-default-attributes"},"yoast_head":"<!-- This site is optimized with the Yoast SEO plugin v27.1.1 - https:\/\/yoast.com\/product\/yoast-seo-wordpress\/ -->\n<title>Rubin Pelinkovac | LIKER | Rubin<\/title>\n<meta name=\"robots\" content=\"index, follow, max-snippet:-1, max-image-preview:large, max-video-preview:-1\" \/>\n<link rel=\"canonical\" href=\"https:\/\/www.rubin.rs\/en\/proizvod\/rubin-pelinkovac-2\/\" \/>\n<meta property=\"og:locale\" content=\"en_US\" \/>\n<meta property=\"og:type\" content=\"article\" \/>\n<meta property=\"og:title\" content=\"Rubin Pelinkovac | LIKER | Rubin\" \/>\n<meta property=\"og:description\" content=\"Sadr\u017eaj alkohola: 28%v\/v  Puni se u staklene boce zapremine 1l i 0.1l  Ekskluzivno pakovanje: 1l + 2 \u010da\u0161e u ukrasnoj kutiji\" \/>\n<meta property=\"og:url\" content=\"https:\/\/www.rubin.rs\/en\/proizvod\/rubin-pelinkovac-2\/\" \/>\n<meta property=\"og:site_name\" content=\"Rubin\" \/>\n<meta property=\"article:modified_time\" content=\"2026-02-19T10:18:23+00:00\" \/>\n<meta property=\"og:image\" content=\"https:\/\/www.rubin.rs\/wp-content\/uploads\/2021\/01\/Pelinkovac-gorka-novo.png\" \/>\n\t<meta property=\"og:image:width\" content=\"900\" \/>\n\t<meta property=\"og:image:height\" content=\"900\" \/>\n\t<meta property=\"og:image:type\" content=\"image\/png\" \/>\n<meta name=\"twitter:card\" content=\"summary_large_image\" \/>\n<meta name=\"twitter:label1\" content=\"Est. reading time\" \/>\n\t<meta name=\"twitter:data1\" content=\"1 minute\" \/>\n<script type=\"application\/ld+json\" class=\"yoast-schema-graph\">{\"@context\":\"https:\/\/schema.org\",\"@graph\":[{\"@type\":\"WebPage\",\"@id\":\"https:\/\/www.rubin.rs\/proizvod\/rubin-pelinkovac-2\/\",\"url\":\"https:\/\/www.rubin.rs\/proizvod\/rubin-pelinkovac-2\/\",\"name\":\"Rubin Pelinkovac | LIKER | Rubin\",\"isPartOf\":{\"@id\":\"https:\/\/www.rubin.rs\/#website\"},\"primaryImageOfPage\":{\"@id\":\"https:\/\/www.rubin.rs\/proizvod\/rubin-pelinkovac-2\/#primaryimage\"},\"image\":{\"@id\":\"https:\/\/www.rubin.rs\/proizvod\/rubin-pelinkovac-2\/#primaryimage\"},\"thumbnailUrl\":\"https:\/\/www.rubin.rs\/wp-content\/uploads\/2021\/01\/Pelinkovac-gorka-novo.png\",\"datePublished\":\"2021-01-26T14:38:07+00:00\",\"dateModified\":\"2026-02-19T10:18:23+00:00\",\"breadcrumb\":{\"@id\":\"https:\/\/www.rubin.rs\/proizvod\/rubin-pelinkovac-2\/#breadcrumb\"},\"inLanguage\":\"en-US\",\"potentialAction\":[{\"@type\":\"ReadAction\",\"target\":[\"https:\/\/www.rubin.rs\/proizvod\/rubin-pelinkovac-2\/\"]}]},{\"@type\":\"ImageObject\",\"inLanguage\":\"en-US\",\"@id\":\"https:\/\/www.rubin.rs\/proizvod\/rubin-pelinkovac-2\/#primaryimage\",\"url\":\"https:\/\/www.rubin.rs\/wp-content\/uploads\/2021\/01\/Pelinkovac-gorka-novo.png\",\"contentUrl\":\"https:\/\/www.rubin.rs\/wp-content\/uploads\/2021\/01\/Pelinkovac-gorka-novo.png\",\"width\":900,\"height\":900},{\"@type\":\"BreadcrumbList\",\"@id\":\"https:\/\/www.rubin.rs\/proizvod\/rubin-pelinkovac-2\/#breadcrumb\",\"itemListElement\":[{\"@type\":\"ListItem\",\"position\":1,\"name\":\"\u041f\u043e\u0447\u0435\u0442\u043d\u0430\",\"item\":\"https:\/\/www.rubin.rs\/\"},{\"@type\":\"ListItem\",\"position\":2,\"name\":\"Shop\",\"item\":\"https:\/\/www.rubin.rs\/shop\/\"},{\"@type\":\"ListItem\",\"position\":3,\"name\":\"Rubin Pelinkovac\"}]},{\"@type\":\"WebSite\",\"@id\":\"https:\/\/www.rubin.rs\/#website\",\"url\":\"https:\/\/www.rubin.rs\/\",\"name\":\"Rubin\",\"description\":\"\",\"publisher\":{\"@id\":\"https:\/\/www.rubin.rs\/#organization\"},\"potentialAction\":[{\"@type\":\"SearchAction\",\"target\":{\"@type\":\"EntryPoint\",\"urlTemplate\":\"https:\/\/www.rubin.rs\/?s={search_term_string}\"},\"query-input\":{\"@type\":\"PropertyValueSpecification\",\"valueRequired\":true,\"valueName\":\"search_term_string\"}}],\"inLanguage\":\"en-US\"},{\"@type\":\"Organization\",\"@id\":\"https:\/\/www.rubin.rs\/#organization\",\"name\":\"Rubin\",\"url\":\"https:\/\/www.rubin.rs\/\",\"logo\":{\"@type\":\"ImageObject\",\"inLanguage\":\"en-US\",\"@id\":\"https:\/\/www.rubin.rs\/#\/schema\/logo\/image\/\",\"url\":\"https:\/\/www.rubin.rs\/wp-content\/uploads\/2021\/01\/cropped-cropped-rubin-logo-1-1.png\",\"contentUrl\":\"https:\/\/www.rubin.rs\/wp-content\/uploads\/2021\/01\/cropped-cropped-rubin-logo-1-1.png\",\"width\":261,\"height\":106,\"caption\":\"Rubin\"},\"image\":{\"@id\":\"https:\/\/www.rubin.rs\/#\/schema\/logo\/image\/\"}}]}<\/script>\n<!-- \/ Yoast SEO plugin. -->","yoast_head_json":{"title":"Rubin Pelinkovac | LIKER | Rubin","robots":{"index":"index","follow":"follow","max-snippet":"max-snippet:-1","max-image-preview":"max-image-preview:large","max-video-preview":"max-video-preview:-1"},"canonical":"https:\/\/www.rubin.rs\/en\/proizvod\/rubin-pelinkovac-2\/","og_locale":"en_US","og_type":"article","og_title":"Rubin Pelinkovac | LIKER | Rubin","og_description":"Sadr\u017eaj alkohola: 28%v\/v  Puni se u staklene boce zapremine 1l i 0.1l  Ekskluzivno pakovanje: 1l + 2 \u010da\u0161e u ukrasnoj kutiji","og_url":"https:\/\/www.rubin.rs\/en\/proizvod\/rubin-pelinkovac-2\/","og_site_name":"Rubin","article_modified_time":"2026-02-19T10:18:23+00:00","og_image":[{"width":900,"height":900,"url":"https:\/\/www.rubin.rs\/wp-content\/uploads\/2021\/01\/Pelinkovac-gorka-novo.png","type":"image\/png"}],"twitter_card":"summary_large_image","twitter_misc":{"Est. reading time":"1 minute"},"schema":{"@context":"https:\/\/schema.org","@graph":[{"@type":"WebPage","@id":"https:\/\/www.rubin.rs\/proizvod\/rubin-pelinkovac-2\/","url":"https:\/\/www.rubin.rs\/proizvod\/rubin-pelinkovac-2\/","name":"Rubin Pelinkovac | LIKER | Rubin","isPartOf":{"@id":"https:\/\/www.rubin.rs\/#website"},"primaryImageOfPage":{"@id":"https:\/\/www.rubin.rs\/proizvod\/rubin-pelinkovac-2\/#primaryimage"},"image":{"@id":"https:\/\/www.rubin.rs\/proizvod\/rubin-pelinkovac-2\/#primaryimage"},"thumbnailUrl":"https:\/\/www.rubin.rs\/wp-content\/uploads\/2021\/01\/Pelinkovac-gorka-novo.png","datePublished":"2021-01-26T14:38:07+00:00","dateModified":"2026-02-19T10:18:23+00:00","breadcrumb":{"@id":"https:\/\/www.rubin.rs\/proizvod\/rubin-pelinkovac-2\/#breadcrumb"},"inLanguage":"en-US","potentialAction":[{"@type":"ReadAction","target":["https:\/\/www.rubin.rs\/proizvod\/rubin-pelinkovac-2\/"]}]},{"@type":"ImageObject","inLanguage":"en-US","@id":"https:\/\/www.rubin.rs\/proizvod\/rubin-pelinkovac-2\/#primaryimage","url":"https:\/\/www.rubin.rs\/wp-content\/uploads\/2021\/01\/Pelinkovac-gorka-novo.png","contentUrl":"https:\/\/www.rubin.rs\/wp-content\/uploads\/2021\/01\/Pelinkovac-gorka-novo.png","width":900,"height":900},{"@type":"BreadcrumbList","@id":"https:\/\/www.rubin.rs\/proizvod\/rubin-pelinkovac-2\/#breadcrumb","itemListElement":[{"@type":"ListItem","position":1,"name":"\u041f\u043e\u0447\u0435\u0442\u043d\u0430","item":"https:\/\/www.rubin.rs\/"},{"@type":"ListItem","position":2,"name":"Shop","item":"https:\/\/www.rubin.rs\/shop\/"},{"@type":"ListItem","position":3,"name":"Rubin Pelinkovac"}]},{"@type":"WebSite","@id":"https:\/\/www.rubin.rs\/#website","url":"https:\/\/www.rubin.rs\/","name":"Rubin","description":"","publisher":{"@id":"https:\/\/www.rubin.rs\/#organization"},"potentialAction":[{"@type":"SearchAction","target":{"@type":"EntryPoint","urlTemplate":"https:\/\/www.rubin.rs\/?s={search_term_string}"},"query-input":{"@type":"PropertyValueSpecification","valueRequired":true,"valueName":"search_term_string"}}],"inLanguage":"en-US"},{"@type":"Organization","@id":"https:\/\/www.rubin.rs\/#organization","name":"Rubin","url":"https:\/\/www.rubin.rs\/","logo":{"@type":"ImageObject","inLanguage":"en-US","@id":"https:\/\/www.rubin.rs\/#\/schema\/logo\/image\/","url":"https:\/\/www.rubin.rs\/wp-content\/uploads\/2021\/01\/cropped-cropped-rubin-logo-1-1.png","contentUrl":"https:\/\/www.rubin.rs\/wp-content\/uploads\/2021\/01\/cropped-cropped-rubin-logo-1-1.png","width":261,"height":106,"caption":"Rubin"},"image":{"@id":"https:\/\/www.rubin.rs\/#\/schema\/logo\/image\/"}}]}},"_links":{"self":[{"href":"https:\/\/www.rubin.rs\/en\/wp-json\/wp\/v2\/product\/988302","targetHints":{"allow":["GET"]}}],"collection":[{"href":"https:\/\/www.rubin.rs\/en\/wp-json\/wp\/v2\/product"}],"about":[{"href":"https:\/\/www.rubin.rs\/en\/wp-json\/wp\/v2\/types\/product"}],"replies":[{"embeddable":true,"href":"https:\/\/www.rubin.rs\/en\/wp-json\/wp\/v2\/comments?post=988302"}],"version-history":[{"count":6,"href":"https:\/\/www.rubin.rs\/en\/wp-json\/wp\/v2\/product\/988302\/revisions"}],"predecessor-version":[{"id":991062,"href":"https:\/\/www.rubin.rs\/en\/wp-json\/wp\/v2\/product\/988302\/revisions\/991062"}],"wp:featuredmedia":[{"embeddable":true,"href":"https:\/\/www.rubin.rs\/en\/wp-json\/wp\/v2\/media\/991036"}],"wp:attachment":[{"href":"https:\/\/www.rubin.rs\/en\/wp-json\/wp\/v2\/media?parent=988302"}],"wp:term":[{"taxonomy":"product_brand","embeddable":true,"href":"https:\/\/www.rubin.rs\/en\/wp-json\/wp\/v2\/product_brand?post=988302"},{"taxonomy":"product_cat","embeddable":true,"href":"https:\/\/www.rubin.rs\/en\/wp-json\/wp\/v2\/product_cat?post=988302"},{"taxonomy":"product_tag","embeddable":true,"href":"https:\/\/www.rubin.rs\/en\/wp-json\/wp\/v2\/product_tag?post=988302"}],"curies":[{"name":"wp","href":"https:\/\/api.w.org\/{rel}","templated":true}]}}