{"id":988328,"date":"2021-01-26T15:40:21","date_gmt":"2021-01-26T14:40:21","guid":{"rendered":"https:\/\/www.rubin.smartnetmedia.rs\/?post_type=product&#038;p=988328"},"modified":"2024-11-07T14:42:05","modified_gmt":"2024-11-07T13:42:05","slug":"amante-carmen-2","status":"publish","type":"product","link":"https:\/\/www.rubin.rs\/en\/proizvod\/amante-carmen-2\/","title":{"rendered":"AMANTE \u2013 CARMEN"},"content":{"rendered":"<div class=\"vgblk-rw-wrapper limit-wrapper\">Carmen je kupa\u017ea vina prokupac (50%), merloa (40%) I marselana (10%), gro\u017e\u0111a iz rubinovih vinograda sa rejona Tri Morave. Carmen je na\u0161e najvi\u0161e nagra\u0111eno vino na svetskim takmi\u010denjima, pored Prokupca, Matee I Merloa. Vino koja se dopada svima. Premium varijanta. Amante Carmen vino slu\u017eiti uz masne kremaste i polutvrde i tvrde zrele sireve i pikantna predjela. Dobro se sla\u017ee sa pe\u010denim \u017eivinskim mesom, pile\u0107om d\u017eigericom sa slaninom i crvenim mesom na \u017earu, kao i specijalitetima od jaretine i jagnjetine. Izuzetno prija uz sve vrste bifteka ili divlja\u010di. Ja\u010dina 14% alc.<\/p>\n<p>&nbsp;<\/p>\n<div class=\"vamtam-video-frame\"><iframe title=\"Amante Carmen\" width=\"1260\" height=\"945\" src=\"https:\/\/www.youtube.com\/embed\/drbbmtu42RI?feature=oembed\" frameborder=\"0\" allow=\"accelerometer; autoplay; clipboard-write; encrypted-media; gyroscope; picture-in-picture; web-share\" referrerpolicy=\"strict-origin-when-cross-origin\" allowfullscreen><\/iframe><\/div>\n<\/div>\n<p><!-- .vgblk-rw-wrapper --><\/p>","protected":false},"excerpt":{"rendered":"<ul>\n<li><span style=\"color: #c3002f;\"><em>It is filled into glass bottles with a volume of 0.75 l<\/em><\/span><\/li>\n<\/ul>","protected":false},"featured_media":990329,"comment_status":"closed","ping_status":"closed","template":"","meta":[],"product_brand":[],"product_cat":[54],"product_tag":[],"class_list":{"0":"post-988328","1":"product","2":"type-product","3":"status-publish","4":"has-post-thumbnail","6":"product_cat-premium-vina","8":"first","9":"instock","10":"shipping-taxable","11":"product-type-simple"},"yoast_head":"<!-- This site is optimized with the Yoast SEO plugin v27.1.1 - https:\/\/yoast.com\/product\/yoast-seo-wordpress\/ -->\n<title>AMANTE \u2013 CARMEN | PREMIUM VINO | Rubin<\/title>\n<meta name=\"description\" content=\"Pa\u017eljivom kupa\u017eom stare srpske autohtone sorte, Prokupac, i francuskih sorti Marselan i Merlot odnegovanih, dobijeno Amante Carmen crno vino.\" \/>\n<meta name=\"robots\" content=\"index, follow, max-snippet:-1, max-image-preview:large, max-video-preview:-1\" \/>\n<link rel=\"canonical\" href=\"https:\/\/www.rubin.rs\/en\/proizvod\/amante-carmen-2\/\" \/>\n<meta property=\"og:locale\" content=\"en_US\" \/>\n<meta property=\"og:type\" content=\"article\" \/>\n<meta property=\"og:title\" content=\"AMANTE \u2013 CARMEN | PREMIUM VINO | Rubin\" \/>\n<meta property=\"og:description\" content=\"Pa\u017eljivom kupa\u017eom stare srpske autohtone sorte, Prokupac, i francuskih sorti Marselan i Merlot odnegovanih, dobijeno Amante Carmen crno vino.\" \/>\n<meta property=\"og:url\" content=\"https:\/\/www.rubin.rs\/en\/proizvod\/amante-carmen-2\/\" \/>\n<meta property=\"og:site_name\" content=\"Rubin\" \/>\n<meta property=\"article:modified_time\" content=\"2024-11-07T13:42:05+00:00\" \/>\n<meta property=\"og:image\" content=\"https:\/\/www.rubin.rs\/wp-content\/uploads\/2021\/01\/amante-rubin-1.png\" \/>\n\t<meta property=\"og:image:width\" content=\"1313\" \/>\n\t<meta property=\"og:image:height\" content=\"1313\" \/>\n\t<meta property=\"og:image:type\" content=\"image\/png\" \/>\n<meta name=\"twitter:card\" content=\"summary_large_image\" \/>\n<meta name=\"twitter:label1\" content=\"Est. reading time\" \/>\n\t<meta name=\"twitter:data1\" content=\"1 minute\" \/>\n<script type=\"application\/ld+json\" class=\"yoast-schema-graph\">{\"@context\":\"https:\/\/schema.org\",\"@graph\":[{\"@type\":\"WebPage\",\"@id\":\"https:\/\/www.rubin.rs\/proizvod\/amante-carmen-2\/\",\"url\":\"https:\/\/www.rubin.rs\/proizvod\/amante-carmen-2\/\",\"name\":\"AMANTE \u2013 CARMEN | PREMIUM VINO | Rubin\",\"isPartOf\":{\"@id\":\"https:\/\/www.rubin.rs\/#website\"},\"primaryImageOfPage\":{\"@id\":\"https:\/\/www.rubin.rs\/proizvod\/amante-carmen-2\/#primaryimage\"},\"image\":{\"@id\":\"https:\/\/www.rubin.rs\/proizvod\/amante-carmen-2\/#primaryimage\"},\"thumbnailUrl\":\"https:\/\/www.rubin.rs\/wp-content\/uploads\/2021\/01\/amante-rubin-1.png\",\"datePublished\":\"2021-01-26T14:40:21+00:00\",\"dateModified\":\"2024-11-07T13:42:05+00:00\",\"description\":\"Pa\u017eljivom kupa\u017eom stare srpske autohtone sorte, Prokupac, i francuskih sorti Marselan i Merlot odnegovanih, dobijeno Amante Carmen crno vino.\",\"breadcrumb\":{\"@id\":\"https:\/\/www.rubin.rs\/proizvod\/amante-carmen-2\/#breadcrumb\"},\"inLanguage\":\"en-US\",\"potentialAction\":[{\"@type\":\"ReadAction\",\"target\":[\"https:\/\/www.rubin.rs\/proizvod\/amante-carmen-2\/\"]}]},{\"@type\":\"ImageObject\",\"inLanguage\":\"en-US\",\"@id\":\"https:\/\/www.rubin.rs\/proizvod\/amante-carmen-2\/#primaryimage\",\"url\":\"https:\/\/www.rubin.rs\/wp-content\/uploads\/2021\/01\/amante-rubin-1.png\",\"contentUrl\":\"https:\/\/www.rubin.rs\/wp-content\/uploads\/2021\/01\/amante-rubin-1.png\",\"width\":1313,\"height\":1313},{\"@type\":\"BreadcrumbList\",\"@id\":\"https:\/\/www.rubin.rs\/proizvod\/amante-carmen-2\/#breadcrumb\",\"itemListElement\":[{\"@type\":\"ListItem\",\"position\":1,\"name\":\"\u041f\u043e\u0447\u0435\u0442\u043d\u0430\",\"item\":\"https:\/\/www.rubin.rs\/\"},{\"@type\":\"ListItem\",\"position\":2,\"name\":\"Shop\",\"item\":\"https:\/\/www.rubin.rs\/shop\/\"},{\"@type\":\"ListItem\",\"position\":3,\"name\":\"AMANTE \u2013 CARMEN\"}]},{\"@type\":\"WebSite\",\"@id\":\"https:\/\/www.rubin.rs\/#website\",\"url\":\"https:\/\/www.rubin.rs\/\",\"name\":\"Rubin\",\"description\":\"\",\"publisher\":{\"@id\":\"https:\/\/www.rubin.rs\/#organization\"},\"potentialAction\":[{\"@type\":\"SearchAction\",\"target\":{\"@type\":\"EntryPoint\",\"urlTemplate\":\"https:\/\/www.rubin.rs\/?s={search_term_string}\"},\"query-input\":{\"@type\":\"PropertyValueSpecification\",\"valueRequired\":true,\"valueName\":\"search_term_string\"}}],\"inLanguage\":\"en-US\"},{\"@type\":\"Organization\",\"@id\":\"https:\/\/www.rubin.rs\/#organization\",\"name\":\"Rubin\",\"url\":\"https:\/\/www.rubin.rs\/\",\"logo\":{\"@type\":\"ImageObject\",\"inLanguage\":\"en-US\",\"@id\":\"https:\/\/www.rubin.rs\/#\/schema\/logo\/image\/\",\"url\":\"https:\/\/www.rubin.rs\/wp-content\/uploads\/2021\/01\/cropped-cropped-rubin-logo-1-1.png\",\"contentUrl\":\"https:\/\/www.rubin.rs\/wp-content\/uploads\/2021\/01\/cropped-cropped-rubin-logo-1-1.png\",\"width\":261,\"height\":106,\"caption\":\"Rubin\"},\"image\":{\"@id\":\"https:\/\/www.rubin.rs\/#\/schema\/logo\/image\/\"}}]}<\/script>\n<!-- \/ Yoast SEO plugin. -->","yoast_head_json":{"title":"AMANTE \u2013 CARMEN | PREMIUM VINO | Rubin","description":"Pa\u017eljivom kupa\u017eom stare srpske autohtone sorte, Prokupac, i francuskih sorti Marselan i Merlot odnegovanih, dobijeno Amante Carmen crno vino.","robots":{"index":"index","follow":"follow","max-snippet":"max-snippet:-1","max-image-preview":"max-image-preview:large","max-video-preview":"max-video-preview:-1"},"canonical":"https:\/\/www.rubin.rs\/en\/proizvod\/amante-carmen-2\/","og_locale":"en_US","og_type":"article","og_title":"AMANTE \u2013 CARMEN | PREMIUM VINO | Rubin","og_description":"Pa\u017eljivom kupa\u017eom stare srpske autohtone sorte, Prokupac, i francuskih sorti Marselan i Merlot odnegovanih, dobijeno Amante Carmen crno vino.","og_url":"https:\/\/www.rubin.rs\/en\/proizvod\/amante-carmen-2\/","og_site_name":"Rubin","article_modified_time":"2024-11-07T13:42:05+00:00","og_image":[{"width":1313,"height":1313,"url":"https:\/\/www.rubin.rs\/wp-content\/uploads\/2021\/01\/amante-rubin-1.png","type":"image\/png"}],"twitter_card":"summary_large_image","twitter_misc":{"Est. reading time":"1 minute"},"schema":{"@context":"https:\/\/schema.org","@graph":[{"@type":"WebPage","@id":"https:\/\/www.rubin.rs\/proizvod\/amante-carmen-2\/","url":"https:\/\/www.rubin.rs\/proizvod\/amante-carmen-2\/","name":"AMANTE \u2013 CARMEN | PREMIUM VINO | Rubin","isPartOf":{"@id":"https:\/\/www.rubin.rs\/#website"},"primaryImageOfPage":{"@id":"https:\/\/www.rubin.rs\/proizvod\/amante-carmen-2\/#primaryimage"},"image":{"@id":"https:\/\/www.rubin.rs\/proizvod\/amante-carmen-2\/#primaryimage"},"thumbnailUrl":"https:\/\/www.rubin.rs\/wp-content\/uploads\/2021\/01\/amante-rubin-1.png","datePublished":"2021-01-26T14:40:21+00:00","dateModified":"2024-11-07T13:42:05+00:00","description":"Pa\u017eljivom kupa\u017eom stare srpske autohtone sorte, Prokupac, i francuskih sorti Marselan i Merlot odnegovanih, dobijeno Amante Carmen crno vino.","breadcrumb":{"@id":"https:\/\/www.rubin.rs\/proizvod\/amante-carmen-2\/#breadcrumb"},"inLanguage":"en-US","potentialAction":[{"@type":"ReadAction","target":["https:\/\/www.rubin.rs\/proizvod\/amante-carmen-2\/"]}]},{"@type":"ImageObject","inLanguage":"en-US","@id":"https:\/\/www.rubin.rs\/proizvod\/amante-carmen-2\/#primaryimage","url":"https:\/\/www.rubin.rs\/wp-content\/uploads\/2021\/01\/amante-rubin-1.png","contentUrl":"https:\/\/www.rubin.rs\/wp-content\/uploads\/2021\/01\/amante-rubin-1.png","width":1313,"height":1313},{"@type":"BreadcrumbList","@id":"https:\/\/www.rubin.rs\/proizvod\/amante-carmen-2\/#breadcrumb","itemListElement":[{"@type":"ListItem","position":1,"name":"\u041f\u043e\u0447\u0435\u0442\u043d\u0430","item":"https:\/\/www.rubin.rs\/"},{"@type":"ListItem","position":2,"name":"Shop","item":"https:\/\/www.rubin.rs\/shop\/"},{"@type":"ListItem","position":3,"name":"AMANTE \u2013 CARMEN"}]},{"@type":"WebSite","@id":"https:\/\/www.rubin.rs\/#website","url":"https:\/\/www.rubin.rs\/","name":"Rubin","description":"","publisher":{"@id":"https:\/\/www.rubin.rs\/#organization"},"potentialAction":[{"@type":"SearchAction","target":{"@type":"EntryPoint","urlTemplate":"https:\/\/www.rubin.rs\/?s={search_term_string}"},"query-input":{"@type":"PropertyValueSpecification","valueRequired":true,"valueName":"search_term_string"}}],"inLanguage":"en-US"},{"@type":"Organization","@id":"https:\/\/www.rubin.rs\/#organization","name":"Rubin","url":"https:\/\/www.rubin.rs\/","logo":{"@type":"ImageObject","inLanguage":"en-US","@id":"https:\/\/www.rubin.rs\/#\/schema\/logo\/image\/","url":"https:\/\/www.rubin.rs\/wp-content\/uploads\/2021\/01\/cropped-cropped-rubin-logo-1-1.png","contentUrl":"https:\/\/www.rubin.rs\/wp-content\/uploads\/2021\/01\/cropped-cropped-rubin-logo-1-1.png","width":261,"height":106,"caption":"Rubin"},"image":{"@id":"https:\/\/www.rubin.rs\/#\/schema\/logo\/image\/"}}]}},"_links":{"self":[{"href":"https:\/\/www.rubin.rs\/en\/wp-json\/wp\/v2\/product\/988328","targetHints":{"allow":["GET"]}}],"collection":[{"href":"https:\/\/www.rubin.rs\/en\/wp-json\/wp\/v2\/product"}],"about":[{"href":"https:\/\/www.rubin.rs\/en\/wp-json\/wp\/v2\/types\/product"}],"replies":[{"embeddable":true,"href":"https:\/\/www.rubin.rs\/en\/wp-json\/wp\/v2\/comments?post=988328"}],"version-history":[{"count":5,"href":"https:\/\/www.rubin.rs\/en\/wp-json\/wp\/v2\/product\/988328\/revisions"}],"predecessor-version":[{"id":990686,"href":"https:\/\/www.rubin.rs\/en\/wp-json\/wp\/v2\/product\/988328\/revisions\/990686"}],"wp:featuredmedia":[{"embeddable":true,"href":"https:\/\/www.rubin.rs\/en\/wp-json\/wp\/v2\/media\/990329"}],"wp:attachment":[{"href":"https:\/\/www.rubin.rs\/en\/wp-json\/wp\/v2\/media?parent=988328"}],"wp:term":[{"taxonomy":"product_brand","embeddable":true,"href":"https:\/\/www.rubin.rs\/en\/wp-json\/wp\/v2\/product_brand?post=988328"},{"taxonomy":"product_cat","embeddable":true,"href":"https:\/\/www.rubin.rs\/en\/wp-json\/wp\/v2\/product_cat?post=988328"},{"taxonomy":"product_tag","embeddable":true,"href":"https:\/\/www.rubin.rs\/en\/wp-json\/wp\/v2\/product_tag?post=988328"}],"curies":[{"name":"wp","href":"https:\/\/api.w.org\/{rel}","templated":true}]}}