{"id":988516,"date":"2021-01-28T09:32:16","date_gmt":"2021-01-28T08:32:16","guid":{"rendered":"https:\/\/www.rubin.smartnetmedia.rs\/?post_type=product&#038;p=988516"},"modified":"2022-03-04T09:23:31","modified_gmt":"2022-03-04T08:23:31","slug":"vodka-soda-original-2","status":"publish","type":"product","link":"https:\/\/www.rubin.rs\/en\/proizvod\/vodka-soda-original-2\/","title":{"rendered":"VODKA SODA original"},"content":{"rendered":"<div data-elementor-type=\"wp-post\" data-elementor-id=\"988516\" class=\"elementor elementor-988516\">\n\t\t\t\t\t\t<section class=\"elementor-section elementor-top-section elementor-element elementor-element-1b5d3dca elementor-section-boxed elementor-section-height-default elementor-section-height-default\" data-id=\"1b5d3dca\" data-element_type=\"section\" data-e-type=\"section\">\n\t\t\t\t\t\t<div class=\"elementor-container elementor-column-gap-default\">\n\t\t\t\t\t<div class=\"elementor-column elementor-col-100 elementor-top-column elementor-element elementor-element-38dbf43b\" data-id=\"38dbf43b\" data-element_type=\"column\" data-e-type=\"column\">\n\t\t\t<div class=\"elementor-widget-wrap elementor-element-populated\">\n\t\t\t\t\t\t<div class=\"elementor-element elementor-element-913b361 elementor-widget elementor-widget-text-editor\" data-id=\"913b361\" data-element_type=\"widget\" data-e-type=\"widget\" data-widget_type=\"text-editor.default\">\n\t\t\t\t<div class=\"elementor-widget-container\">\n\t\t\t\t\t\t\t\t\t<p>The range of low-alcohol drinks has been expanded with another popular RTD cocktail.<\/p><p>Barman Vodka Soda napravljen je po uzoru na svetski popularan koktel, spakovan u modernu ambala\u017eu, savr\u0161en za ljubitelje niskoalkoholnih pi\u0107a. Idealna kombinacija za leto, sunce, \u0161etnju parkom, piknik u dvori\u0161tu, izlazak sa dru\u0161tvom, u\u017eivanje uz muziku.<\/p><p>Sa prijatnim mirisom i ukusom Vodke, karakteristi\u010dnom notom tonika i niskim sadr\u017eajem alkohola \u2013 4,9% vol \u2013 ovo pi\u0107e pru\u017ea savr\u0161eno osve\u017eenje.<\/p><p>We recommend it very chilled, on all occasions.<\/p>\t\t\t\t\t\t\t\t<\/div>\n\t\t\t\t<\/div>\n\t\t\t\t\t<\/div>\n\t\t<\/div>\n\t\t\t\t\t<\/div>\n\t\t<\/section>\n\t\t\t\t<section class=\"elementor-section elementor-top-section elementor-element elementor-element-e8d6e22 elementor-section-boxed elementor-section-height-default elementor-section-height-default\" data-id=\"e8d6e22\" data-element_type=\"section\" data-e-type=\"section\">\n\t\t\t\t\t\t<div class=\"elementor-container elementor-column-gap-default\">\n\t\t\t\t\t<div class=\"elementor-column elementor-col-100 elementor-top-column elementor-element elementor-element-87bbb4f\" data-id=\"87bbb4f\" data-element_type=\"column\" data-e-type=\"column\">\n\t\t\t<div class=\"elementor-widget-wrap elementor-element-populated\">\n\t\t\t\t\t\t<div class=\"elementor-element elementor-element-9beea7e elementor-widget elementor-widget-media-carousel\" data-id=\"9beea7e\" data-element_type=\"widget\" data-e-type=\"widget\" data-widget_type=\"media-carousel.default\">\n\t\t\t\t<div class=\"elementor-widget-container\">\n\t\t\t\t\t \t\t\t\t<\/div>\n\t\t\t\t<\/div>\n\t\t\t\t\t<\/div>\n\t\t<\/div>\n\t\t\t\t\t<\/div>\n\t\t<\/section>\n\t\t\t\t<section class=\"elementor-section elementor-top-section elementor-element elementor-element-5c2d183 elementor-section-boxed elementor-section-height-default elementor-section-height-default\" data-id=\"5c2d183\" data-element_type=\"section\" data-e-type=\"section\">\n\t\t\t\t\t\t<div class=\"elementor-container elementor-column-gap-default\">\n\t\t\t\t\t<div class=\"elementor-column elementor-col-100 elementor-top-column elementor-element elementor-element-c48e1a1\" data-id=\"c48e1a1\" data-element_type=\"column\" data-e-type=\"column\">\n\t\t\t<div class=\"elementor-widget-wrap elementor-element-populated\">\n\t\t\t\t\t\t<div class=\"elementor-element elementor-element-a68f1e7 elementor-widget elementor-widget-video\" data-id=\"a68f1e7\" data-element_type=\"widget\" data-e-type=\"widget\" data-settings=\"{&quot;youtube_url&quot;:&quot;https:\\\/\\\/www.youtube.com\\\/watch?v=cr5s3MQrxIE&quot;,&quot;video_type&quot;:&quot;youtube&quot;,&quot;controls&quot;:&quot;yes&quot;}\" data-widget_type=\"video.default\">\n\t\t\t\t<div class=\"elementor-widget-container\">\n\t\t\t\t\t\t\t<div class=\"elementor-wrapper elementor-open-inline\">\n\t\t\t<div class=\"elementor-video\"><\/div>\t\t<\/div>\n\t\t\t\t\t\t<\/div>\n\t\t\t\t<\/div>\n\t\t\t\t\t<\/div>\n\t\t<\/div>\n\t\t\t\t\t<\/div>\n\t\t<\/section>\n\t\t\t\t<\/div>","protected":false},"excerpt":{"rendered":"<p>Paleta niskoalkoholnih pi\u0107a pro\u0161irena je sa jo\u0161 jednim popularnim RTD koktelom. Barman Vodka Soda napravljen je po uzoru na svetski popularan koktel, spakovan u modernu ambala\u017eu, savr\u0161en za ljubitelje niskoalkoholnih pi\u0107a. Idealna kombinacija za leto, sunce, \u0161etnju parkom, piknik u dvori\u0161tu, izlazak sa dru\u0161tvom, u\u017eivanje uz muziku. Sa prijatnim mirisom i ukusom Vodke, karakteristi\u010dnom notom&#8230;<\/p>","protected":false},"featured_media":988565,"comment_status":"closed","ping_status":"closed","template":"","meta":[],"product_brand":[],"product_cat":[62],"product_tag":[],"class_list":{"0":"post-988516","1":"product","2":"type-product","3":"status-publish","4":"has-post-thumbnail","6":"product_cat-barman-rtd","8":"first","9":"instock","10":"shipping-taxable","11":"product-type-simple"},"yoast_head":"<!-- This site is optimized with the Yoast SEO plugin v27.1.1 - https:\/\/yoast.com\/product\/yoast-seo-wordpress\/ -->\n<title>VODKA SODA original | Barman RTD | Rubin<\/title>\n<meta name=\"robots\" content=\"index, follow, max-snippet:-1, max-image-preview:large, max-video-preview:-1\" \/>\n<link rel=\"canonical\" href=\"https:\/\/www.rubin.rs\/en\/proizvod\/vodka-soda-original-2\/\" \/>\n<meta property=\"og:locale\" content=\"en_US\" \/>\n<meta property=\"og:type\" content=\"article\" \/>\n<meta property=\"og:title\" content=\"VODKA SODA original | Barman RTD | Rubin\" \/>\n<meta property=\"og:description\" content=\"Paleta niskoalkoholnih pi\u0107a pro\u0161irena je sa jo\u0161 jednim popularnim RTD koktelom. Barman Vodka Soda napravljen je po uzoru na svetski popularan koktel, spakovan u modernu ambala\u017eu, savr\u0161en za ljubitelje niskoalkoholnih pi\u0107a. Idealna kombinacija za leto, sunce, \u0161etnju parkom, piknik u dvori\u0161tu, izlazak sa dru\u0161tvom, u\u017eivanje uz muziku. Sa prijatnim mirisom i ukusom Vodke, karakteristi\u010dnom notom...\" \/>\n<meta property=\"og:url\" content=\"https:\/\/www.rubin.rs\/en\/proizvod\/vodka-soda-original-2\/\" \/>\n<meta property=\"og:site_name\" content=\"Rubin\" \/>\n<meta property=\"article:modified_time\" content=\"2022-03-04T08:23:31+00:00\" \/>\n<meta property=\"og:image\" content=\"https:\/\/www.rubin.rs\/wp-content\/uploads\/2021\/01\/vodka-soda-or.png\" \/>\n\t<meta property=\"og:image:width\" content=\"555\" \/>\n\t<meta property=\"og:image:height\" content=\"1024\" \/>\n\t<meta property=\"og:image:type\" content=\"image\/png\" \/>\n<meta name=\"twitter:card\" content=\"summary_large_image\" \/>\n<script type=\"application\/ld+json\" class=\"yoast-schema-graph\">{\"@context\":\"https:\/\/schema.org\",\"@graph\":[{\"@type\":\"WebPage\",\"@id\":\"https:\/\/www.rubin.rs\/proizvod\/vodka-soda-original-2\/\",\"url\":\"https:\/\/www.rubin.rs\/proizvod\/vodka-soda-original-2\/\",\"name\":\"VODKA SODA original | Barman RTD | Rubin\",\"isPartOf\":{\"@id\":\"https:\/\/www.rubin.rs\/#website\"},\"primaryImageOfPage\":{\"@id\":\"https:\/\/www.rubin.rs\/proizvod\/vodka-soda-original-2\/#primaryimage\"},\"image\":{\"@id\":\"https:\/\/www.rubin.rs\/proizvod\/vodka-soda-original-2\/#primaryimage\"},\"thumbnailUrl\":\"https:\/\/www.rubin.rs\/wp-content\/uploads\/2021\/01\/vodka-soda-or.png\",\"datePublished\":\"2021-01-28T08:32:16+00:00\",\"dateModified\":\"2022-03-04T08:23:31+00:00\",\"breadcrumb\":{\"@id\":\"https:\/\/www.rubin.rs\/proizvod\/vodka-soda-original-2\/#breadcrumb\"},\"inLanguage\":\"en-US\",\"potentialAction\":[{\"@type\":\"ReadAction\",\"target\":[\"https:\/\/www.rubin.rs\/proizvod\/vodka-soda-original-2\/\"]}]},{\"@type\":\"ImageObject\",\"inLanguage\":\"en-US\",\"@id\":\"https:\/\/www.rubin.rs\/proizvod\/vodka-soda-original-2\/#primaryimage\",\"url\":\"https:\/\/www.rubin.rs\/wp-content\/uploads\/2021\/01\/vodka-soda-or.png\",\"contentUrl\":\"https:\/\/www.rubin.rs\/wp-content\/uploads\/2021\/01\/vodka-soda-or.png\",\"width\":555,\"height\":1024},{\"@type\":\"BreadcrumbList\",\"@id\":\"https:\/\/www.rubin.rs\/proizvod\/vodka-soda-original-2\/#breadcrumb\",\"itemListElement\":[{\"@type\":\"ListItem\",\"position\":1,\"name\":\"\u041f\u043e\u0447\u0435\u0442\u043d\u0430\",\"item\":\"https:\/\/www.rubin.rs\/\"},{\"@type\":\"ListItem\",\"position\":2,\"name\":\"Shop\",\"item\":\"https:\/\/www.rubin.rs\/shop\/\"},{\"@type\":\"ListItem\",\"position\":3,\"name\":\"VODKA SODA original\"}]},{\"@type\":\"WebSite\",\"@id\":\"https:\/\/www.rubin.rs\/#website\",\"url\":\"https:\/\/www.rubin.rs\/\",\"name\":\"Rubin\",\"description\":\"\",\"publisher\":{\"@id\":\"https:\/\/www.rubin.rs\/#organization\"},\"potentialAction\":[{\"@type\":\"SearchAction\",\"target\":{\"@type\":\"EntryPoint\",\"urlTemplate\":\"https:\/\/www.rubin.rs\/?s={search_term_string}\"},\"query-input\":{\"@type\":\"PropertyValueSpecification\",\"valueRequired\":true,\"valueName\":\"search_term_string\"}}],\"inLanguage\":\"en-US\"},{\"@type\":\"Organization\",\"@id\":\"https:\/\/www.rubin.rs\/#organization\",\"name\":\"Rubin\",\"url\":\"https:\/\/www.rubin.rs\/\",\"logo\":{\"@type\":\"ImageObject\",\"inLanguage\":\"en-US\",\"@id\":\"https:\/\/www.rubin.rs\/#\/schema\/logo\/image\/\",\"url\":\"https:\/\/www.rubin.rs\/wp-content\/uploads\/2021\/01\/cropped-cropped-rubin-logo-1-1.png\",\"contentUrl\":\"https:\/\/www.rubin.rs\/wp-content\/uploads\/2021\/01\/cropped-cropped-rubin-logo-1-1.png\",\"width\":261,\"height\":106,\"caption\":\"Rubin\"},\"image\":{\"@id\":\"https:\/\/www.rubin.rs\/#\/schema\/logo\/image\/\"}}]}<\/script>\n<!-- \/ Yoast SEO plugin. -->","yoast_head_json":{"title":"VODKA SODA original | Barman RTD | Rubin","robots":{"index":"index","follow":"follow","max-snippet":"max-snippet:-1","max-image-preview":"max-image-preview:large","max-video-preview":"max-video-preview:-1"},"canonical":"https:\/\/www.rubin.rs\/en\/proizvod\/vodka-soda-original-2\/","og_locale":"en_US","og_type":"article","og_title":"VODKA SODA original | Barman RTD | Rubin","og_description":"Paleta niskoalkoholnih pi\u0107a pro\u0161irena je sa jo\u0161 jednim popularnim RTD koktelom. Barman Vodka Soda napravljen je po uzoru na svetski popularan koktel, spakovan u modernu ambala\u017eu, savr\u0161en za ljubitelje niskoalkoholnih pi\u0107a. Idealna kombinacija za leto, sunce, \u0161etnju parkom, piknik u dvori\u0161tu, izlazak sa dru\u0161tvom, u\u017eivanje uz muziku. Sa prijatnim mirisom i ukusom Vodke, karakteristi\u010dnom notom...","og_url":"https:\/\/www.rubin.rs\/en\/proizvod\/vodka-soda-original-2\/","og_site_name":"Rubin","article_modified_time":"2022-03-04T08:23:31+00:00","og_image":[{"width":555,"height":1024,"url":"https:\/\/www.rubin.rs\/wp-content\/uploads\/2021\/01\/vodka-soda-or.png","type":"image\/png"}],"twitter_card":"summary_large_image","schema":{"@context":"https:\/\/schema.org","@graph":[{"@type":"WebPage","@id":"https:\/\/www.rubin.rs\/proizvod\/vodka-soda-original-2\/","url":"https:\/\/www.rubin.rs\/proizvod\/vodka-soda-original-2\/","name":"VODKA SODA original | Barman RTD | Rubin","isPartOf":{"@id":"https:\/\/www.rubin.rs\/#website"},"primaryImageOfPage":{"@id":"https:\/\/www.rubin.rs\/proizvod\/vodka-soda-original-2\/#primaryimage"},"image":{"@id":"https:\/\/www.rubin.rs\/proizvod\/vodka-soda-original-2\/#primaryimage"},"thumbnailUrl":"https:\/\/www.rubin.rs\/wp-content\/uploads\/2021\/01\/vodka-soda-or.png","datePublished":"2021-01-28T08:32:16+00:00","dateModified":"2022-03-04T08:23:31+00:00","breadcrumb":{"@id":"https:\/\/www.rubin.rs\/proizvod\/vodka-soda-original-2\/#breadcrumb"},"inLanguage":"en-US","potentialAction":[{"@type":"ReadAction","target":["https:\/\/www.rubin.rs\/proizvod\/vodka-soda-original-2\/"]}]},{"@type":"ImageObject","inLanguage":"en-US","@id":"https:\/\/www.rubin.rs\/proizvod\/vodka-soda-original-2\/#primaryimage","url":"https:\/\/www.rubin.rs\/wp-content\/uploads\/2021\/01\/vodka-soda-or.png","contentUrl":"https:\/\/www.rubin.rs\/wp-content\/uploads\/2021\/01\/vodka-soda-or.png","width":555,"height":1024},{"@type":"BreadcrumbList","@id":"https:\/\/www.rubin.rs\/proizvod\/vodka-soda-original-2\/#breadcrumb","itemListElement":[{"@type":"ListItem","position":1,"name":"\u041f\u043e\u0447\u0435\u0442\u043d\u0430","item":"https:\/\/www.rubin.rs\/"},{"@type":"ListItem","position":2,"name":"Shop","item":"https:\/\/www.rubin.rs\/shop\/"},{"@type":"ListItem","position":3,"name":"VODKA SODA original"}]},{"@type":"WebSite","@id":"https:\/\/www.rubin.rs\/#website","url":"https:\/\/www.rubin.rs\/","name":"Rubin","description":"","publisher":{"@id":"https:\/\/www.rubin.rs\/#organization"},"potentialAction":[{"@type":"SearchAction","target":{"@type":"EntryPoint","urlTemplate":"https:\/\/www.rubin.rs\/?s={search_term_string}"},"query-input":{"@type":"PropertyValueSpecification","valueRequired":true,"valueName":"search_term_string"}}],"inLanguage":"en-US"},{"@type":"Organization","@id":"https:\/\/www.rubin.rs\/#organization","name":"Rubin","url":"https:\/\/www.rubin.rs\/","logo":{"@type":"ImageObject","inLanguage":"en-US","@id":"https:\/\/www.rubin.rs\/#\/schema\/logo\/image\/","url":"https:\/\/www.rubin.rs\/wp-content\/uploads\/2021\/01\/cropped-cropped-rubin-logo-1-1.png","contentUrl":"https:\/\/www.rubin.rs\/wp-content\/uploads\/2021\/01\/cropped-cropped-rubin-logo-1-1.png","width":261,"height":106,"caption":"Rubin"},"image":{"@id":"https:\/\/www.rubin.rs\/#\/schema\/logo\/image\/"}}]}},"_links":{"self":[{"href":"https:\/\/www.rubin.rs\/en\/wp-json\/wp\/v2\/product\/988516","targetHints":{"allow":["GET"]}}],"collection":[{"href":"https:\/\/www.rubin.rs\/en\/wp-json\/wp\/v2\/product"}],"about":[{"href":"https:\/\/www.rubin.rs\/en\/wp-json\/wp\/v2\/types\/product"}],"replies":[{"embeddable":true,"href":"https:\/\/www.rubin.rs\/en\/wp-json\/wp\/v2\/comments?post=988516"}],"version-history":[{"count":15,"href":"https:\/\/www.rubin.rs\/en\/wp-json\/wp\/v2\/product\/988516\/revisions"}],"predecessor-version":[{"id":990119,"href":"https:\/\/www.rubin.rs\/en\/wp-json\/wp\/v2\/product\/988516\/revisions\/990119"}],"wp:featuredmedia":[{"embeddable":true,"href":"https:\/\/www.rubin.rs\/en\/wp-json\/wp\/v2\/media\/988565"}],"wp:attachment":[{"href":"https:\/\/www.rubin.rs\/en\/wp-json\/wp\/v2\/media?parent=988516"}],"wp:term":[{"taxonomy":"product_brand","embeddable":true,"href":"https:\/\/www.rubin.rs\/en\/wp-json\/wp\/v2\/product_brand?post=988516"},{"taxonomy":"product_cat","embeddable":true,"href":"https:\/\/www.rubin.rs\/en\/wp-json\/wp\/v2\/product_cat?post=988516"},{"taxonomy":"product_tag","embeddable":true,"href":"https:\/\/www.rubin.rs\/en\/wp-json\/wp\/v2\/product_tag?post=988516"}],"curies":[{"name":"wp","href":"https:\/\/api.w.org\/{rel}","templated":true}]}}