{"id":988828,"date":"2021-03-16T14:22:55","date_gmt":"2021-03-16T13:22:55","guid":{"rendered":"https:\/\/www.rubin.smartnetmedia.rs\/?post_type=product&#038;p=988828"},"modified":"2024-11-07T14:40:29","modified_gmt":"2024-11-07T13:40:29","slug":"amante-rina-2","status":"publish","type":"product","link":"https:\/\/www.rubin.rs\/en\/proizvod\/amante-rina-2\/","title":{"rendered":"AMANTE RINA"},"content":{"rendered":"<div class=\"vgblk-rw-wrapper limit-wrapper\">Amante Rina je suvo belo vino proizvedeno od sorte gro\u017e\u0111a chardonnay iz vinograda\u00a0vinarije\u00a0<a href=\"https:\/\/www.rubin.rs\/en\/\" target=\"_blank\" rel=\"noopener noreferrer\">Rubin<\/a>\u00a0Bu\u0161tranjskog vinogorja iz vinograda Pre\u0161evo, gajenog na 600m nadmorske visine. Sazrevalo u barik buradima od srpskog hrasta punih 12 meseci. Veoma kompleksno vino koje u sebi nosi pri\u010du teroara i ume\u0161nosti Rubinovih vinogradara i vinara. Odli\u010dno se sla\u017ee sa \u0107ure\u0107im i pile\u0107im mesom, barenom i pr\u017eenom ribom, i dimljenim lososom.<\/div>\n<p><!-- .vgblk-rw-wrapper --><\/p>","protected":false},"excerpt":{"rendered":"<ul>\n<li><span style=\"color: #c3002f;\"><em>It is served at a temperature of 12-14 \u00baC.<\/em><\/span><\/li>\n<\/ul>","protected":false},"featured_media":990304,"comment_status":"closed","ping_status":"closed","template":"","meta":[],"product_brand":[],"product_cat":[54],"product_tag":[],"class_list":{"0":"post-988828","1":"product","2":"type-product","3":"status-publish","4":"has-post-thumbnail","6":"product_cat-premium-vina","8":"first","9":"instock","10":"shipping-taxable","11":"product-type-simple"},"yoast_head":"<!-- This site is optimized with the Yoast SEO plugin v27.1.1 - https:\/\/yoast.com\/product\/yoast-seo-wordpress\/ -->\n<title>AMANTE RINA | PREMIUM VINO | Rubin<\/title>\n<meta name=\"description\" content=\"Amante Rina je suvo belo premium vino proizvedeno od sorte gro\u017e\u0111a \u0160ardone iz sopstvenih vinograda vinarije Rubin.\" \/>\n<meta name=\"robots\" content=\"index, follow, max-snippet:-1, max-image-preview:large, max-video-preview:-1\" \/>\n<link rel=\"canonical\" href=\"https:\/\/www.rubin.rs\/en\/proizvod\/amante-rina-2\/\" \/>\n<meta property=\"og:locale\" content=\"en_US\" \/>\n<meta property=\"og:type\" content=\"article\" \/>\n<meta property=\"og:title\" content=\"AMANTE RINA | PREMIUM VINO | Rubin\" \/>\n<meta property=\"og:description\" content=\"Amante Rina je suvo belo premium vino proizvedeno od sorte gro\u017e\u0111a \u0160ardone iz sopstvenih vinograda vinarije Rubin.\" \/>\n<meta property=\"og:url\" content=\"https:\/\/www.rubin.rs\/en\/proizvod\/amante-rina-2\/\" \/>\n<meta property=\"og:site_name\" content=\"Rubin\" \/>\n<meta property=\"article:modified_time\" content=\"2024-11-07T13:40:29+00:00\" \/>\n<meta property=\"og:image\" content=\"https:\/\/www.rubin.rs\/wp-content\/uploads\/2021\/03\/Rina-sa-medaljom-copy-1-1.png\" \/>\n\t<meta property=\"og:image:width\" content=\"1313\" \/>\n\t<meta property=\"og:image:height\" content=\"1313\" \/>\n\t<meta property=\"og:image:type\" content=\"image\/png\" \/>\n<meta name=\"twitter:card\" content=\"summary_large_image\" \/>\n<meta name=\"twitter:label1\" content=\"Est. reading time\" \/>\n\t<meta name=\"twitter:data1\" content=\"1 minute\" \/>\n<script type=\"application\/ld+json\" class=\"yoast-schema-graph\">{\"@context\":\"https:\/\/schema.org\",\"@graph\":[{\"@type\":\"WebPage\",\"@id\":\"https:\/\/www.rubin.rs\/proizvod\/amante-rina-2\/\",\"url\":\"https:\/\/www.rubin.rs\/proizvod\/amante-rina-2\/\",\"name\":\"AMANTE RINA | PREMIUM VINO | Rubin\",\"isPartOf\":{\"@id\":\"https:\/\/www.rubin.rs\/#website\"},\"primaryImageOfPage\":{\"@id\":\"https:\/\/www.rubin.rs\/proizvod\/amante-rina-2\/#primaryimage\"},\"image\":{\"@id\":\"https:\/\/www.rubin.rs\/proizvod\/amante-rina-2\/#primaryimage\"},\"thumbnailUrl\":\"https:\/\/www.rubin.rs\/wp-content\/uploads\/2021\/03\/Rina-sa-medaljom-copy-1-1.png\",\"datePublished\":\"2021-03-16T13:22:55+00:00\",\"dateModified\":\"2024-11-07T13:40:29+00:00\",\"description\":\"Amante Rina je suvo belo premium vino proizvedeno od sorte gro\u017e\u0111a \u0160ardone iz sopstvenih vinograda vinarije Rubin.\",\"breadcrumb\":{\"@id\":\"https:\/\/www.rubin.rs\/proizvod\/amante-rina-2\/#breadcrumb\"},\"inLanguage\":\"en-US\",\"potentialAction\":[{\"@type\":\"ReadAction\",\"target\":[\"https:\/\/www.rubin.rs\/proizvod\/amante-rina-2\/\"]}]},{\"@type\":\"ImageObject\",\"inLanguage\":\"en-US\",\"@id\":\"https:\/\/www.rubin.rs\/proizvod\/amante-rina-2\/#primaryimage\",\"url\":\"https:\/\/www.rubin.rs\/wp-content\/uploads\/2021\/03\/Rina-sa-medaljom-copy-1-1.png\",\"contentUrl\":\"https:\/\/www.rubin.rs\/wp-content\/uploads\/2021\/03\/Rina-sa-medaljom-copy-1-1.png\",\"width\":1313,\"height\":1313},{\"@type\":\"BreadcrumbList\",\"@id\":\"https:\/\/www.rubin.rs\/proizvod\/amante-rina-2\/#breadcrumb\",\"itemListElement\":[{\"@type\":\"ListItem\",\"position\":1,\"name\":\"\u041f\u043e\u0447\u0435\u0442\u043d\u0430\",\"item\":\"https:\/\/www.rubin.rs\/\"},{\"@type\":\"ListItem\",\"position\":2,\"name\":\"Shop\",\"item\":\"https:\/\/www.rubin.rs\/shop\/\"},{\"@type\":\"ListItem\",\"position\":3,\"name\":\"AMANTE RINA\"}]},{\"@type\":\"WebSite\",\"@id\":\"https:\/\/www.rubin.rs\/#website\",\"url\":\"https:\/\/www.rubin.rs\/\",\"name\":\"Rubin\",\"description\":\"\",\"publisher\":{\"@id\":\"https:\/\/www.rubin.rs\/#organization\"},\"potentialAction\":[{\"@type\":\"SearchAction\",\"target\":{\"@type\":\"EntryPoint\",\"urlTemplate\":\"https:\/\/www.rubin.rs\/?s={search_term_string}\"},\"query-input\":{\"@type\":\"PropertyValueSpecification\",\"valueRequired\":true,\"valueName\":\"search_term_string\"}}],\"inLanguage\":\"en-US\"},{\"@type\":\"Organization\",\"@id\":\"https:\/\/www.rubin.rs\/#organization\",\"name\":\"Rubin\",\"url\":\"https:\/\/www.rubin.rs\/\",\"logo\":{\"@type\":\"ImageObject\",\"inLanguage\":\"en-US\",\"@id\":\"https:\/\/www.rubin.rs\/#\/schema\/logo\/image\/\",\"url\":\"https:\/\/www.rubin.rs\/wp-content\/uploads\/2021\/01\/cropped-cropped-rubin-logo-1-1.png\",\"contentUrl\":\"https:\/\/www.rubin.rs\/wp-content\/uploads\/2021\/01\/cropped-cropped-rubin-logo-1-1.png\",\"width\":261,\"height\":106,\"caption\":\"Rubin\"},\"image\":{\"@id\":\"https:\/\/www.rubin.rs\/#\/schema\/logo\/image\/\"}}]}<\/script>\n<!-- \/ Yoast SEO plugin. -->","yoast_head_json":{"title":"AMANTE RINA | PREMIUM VINO | Rubin","description":"Amante Rina je suvo belo premium vino proizvedeno od sorte gro\u017e\u0111a \u0160ardone iz sopstvenih vinograda vinarije Rubin.","robots":{"index":"index","follow":"follow","max-snippet":"max-snippet:-1","max-image-preview":"max-image-preview:large","max-video-preview":"max-video-preview:-1"},"canonical":"https:\/\/www.rubin.rs\/en\/proizvod\/amante-rina-2\/","og_locale":"en_US","og_type":"article","og_title":"AMANTE RINA | PREMIUM VINO | Rubin","og_description":"Amante Rina je suvo belo premium vino proizvedeno od sorte gro\u017e\u0111a \u0160ardone iz sopstvenih vinograda vinarije Rubin.","og_url":"https:\/\/www.rubin.rs\/en\/proizvod\/amante-rina-2\/","og_site_name":"Rubin","article_modified_time":"2024-11-07T13:40:29+00:00","og_image":[{"width":1313,"height":1313,"url":"https:\/\/www.rubin.rs\/wp-content\/uploads\/2021\/03\/Rina-sa-medaljom-copy-1-1.png","type":"image\/png"}],"twitter_card":"summary_large_image","twitter_misc":{"Est. reading time":"1 minute"},"schema":{"@context":"https:\/\/schema.org","@graph":[{"@type":"WebPage","@id":"https:\/\/www.rubin.rs\/proizvod\/amante-rina-2\/","url":"https:\/\/www.rubin.rs\/proizvod\/amante-rina-2\/","name":"AMANTE RINA | PREMIUM VINO | Rubin","isPartOf":{"@id":"https:\/\/www.rubin.rs\/#website"},"primaryImageOfPage":{"@id":"https:\/\/www.rubin.rs\/proizvod\/amante-rina-2\/#primaryimage"},"image":{"@id":"https:\/\/www.rubin.rs\/proizvod\/amante-rina-2\/#primaryimage"},"thumbnailUrl":"https:\/\/www.rubin.rs\/wp-content\/uploads\/2021\/03\/Rina-sa-medaljom-copy-1-1.png","datePublished":"2021-03-16T13:22:55+00:00","dateModified":"2024-11-07T13:40:29+00:00","description":"Amante Rina je suvo belo premium vino proizvedeno od sorte gro\u017e\u0111a \u0160ardone iz sopstvenih vinograda vinarije Rubin.","breadcrumb":{"@id":"https:\/\/www.rubin.rs\/proizvod\/amante-rina-2\/#breadcrumb"},"inLanguage":"en-US","potentialAction":[{"@type":"ReadAction","target":["https:\/\/www.rubin.rs\/proizvod\/amante-rina-2\/"]}]},{"@type":"ImageObject","inLanguage":"en-US","@id":"https:\/\/www.rubin.rs\/proizvod\/amante-rina-2\/#primaryimage","url":"https:\/\/www.rubin.rs\/wp-content\/uploads\/2021\/03\/Rina-sa-medaljom-copy-1-1.png","contentUrl":"https:\/\/www.rubin.rs\/wp-content\/uploads\/2021\/03\/Rina-sa-medaljom-copy-1-1.png","width":1313,"height":1313},{"@type":"BreadcrumbList","@id":"https:\/\/www.rubin.rs\/proizvod\/amante-rina-2\/#breadcrumb","itemListElement":[{"@type":"ListItem","position":1,"name":"\u041f\u043e\u0447\u0435\u0442\u043d\u0430","item":"https:\/\/www.rubin.rs\/"},{"@type":"ListItem","position":2,"name":"Shop","item":"https:\/\/www.rubin.rs\/shop\/"},{"@type":"ListItem","position":3,"name":"AMANTE RINA"}]},{"@type":"WebSite","@id":"https:\/\/www.rubin.rs\/#website","url":"https:\/\/www.rubin.rs\/","name":"Rubin","description":"","publisher":{"@id":"https:\/\/www.rubin.rs\/#organization"},"potentialAction":[{"@type":"SearchAction","target":{"@type":"EntryPoint","urlTemplate":"https:\/\/www.rubin.rs\/?s={search_term_string}"},"query-input":{"@type":"PropertyValueSpecification","valueRequired":true,"valueName":"search_term_string"}}],"inLanguage":"en-US"},{"@type":"Organization","@id":"https:\/\/www.rubin.rs\/#organization","name":"Rubin","url":"https:\/\/www.rubin.rs\/","logo":{"@type":"ImageObject","inLanguage":"en-US","@id":"https:\/\/www.rubin.rs\/#\/schema\/logo\/image\/","url":"https:\/\/www.rubin.rs\/wp-content\/uploads\/2021\/01\/cropped-cropped-rubin-logo-1-1.png","contentUrl":"https:\/\/www.rubin.rs\/wp-content\/uploads\/2021\/01\/cropped-cropped-rubin-logo-1-1.png","width":261,"height":106,"caption":"Rubin"},"image":{"@id":"https:\/\/www.rubin.rs\/#\/schema\/logo\/image\/"}}]}},"_links":{"self":[{"href":"https:\/\/www.rubin.rs\/en\/wp-json\/wp\/v2\/product\/988828","targetHints":{"allow":["GET"]}}],"collection":[{"href":"https:\/\/www.rubin.rs\/en\/wp-json\/wp\/v2\/product"}],"about":[{"href":"https:\/\/www.rubin.rs\/en\/wp-json\/wp\/v2\/types\/product"}],"replies":[{"embeddable":true,"href":"https:\/\/www.rubin.rs\/en\/wp-json\/wp\/v2\/comments?post=988828"}],"version-history":[{"count":5,"href":"https:\/\/www.rubin.rs\/en\/wp-json\/wp\/v2\/product\/988828\/revisions"}],"predecessor-version":[{"id":990682,"href":"https:\/\/www.rubin.rs\/en\/wp-json\/wp\/v2\/product\/988828\/revisions\/990682"}],"wp:featuredmedia":[{"embeddable":true,"href":"https:\/\/www.rubin.rs\/en\/wp-json\/wp\/v2\/media\/990304"}],"wp:attachment":[{"href":"https:\/\/www.rubin.rs\/en\/wp-json\/wp\/v2\/media?parent=988828"}],"wp:term":[{"taxonomy":"product_brand","embeddable":true,"href":"https:\/\/www.rubin.rs\/en\/wp-json\/wp\/v2\/product_brand?post=988828"},{"taxonomy":"product_cat","embeddable":true,"href":"https:\/\/www.rubin.rs\/en\/wp-json\/wp\/v2\/product_cat?post=988828"},{"taxonomy":"product_tag","embeddable":true,"href":"https:\/\/www.rubin.rs\/en\/wp-json\/wp\/v2\/product_tag?post=988828"}],"curies":[{"name":"wp","href":"https:\/\/api.w.org\/{rel}","templated":true}]}}