{"id":990180,"date":"2022-04-12T11:25:56","date_gmt":"2022-04-12T09:25:56","guid":{"rendered":"https:\/\/www.rubin.rs\/?post_type=product&#038;p=990180"},"modified":"2024-11-08T09:21:44","modified_gmt":"2024-11-08T08:21:44","slug":"double-barrque-sauvignon-blanc","status":"publish","type":"product","link":"https:\/\/www.rubin.rs\/ru\/proizvod\/double-barrque-sauvignon-blanc\/","title":{"rendered":"DOUBLE BARRQUE SAUVIGNON BLANC"},"content":{"rendered":"<div class=\"vgblk-rw-wrapper limit-wrapper\">Belo vino sazrevalo u tradicionalnim buradima za vino 12 meseci, a zatim dodatno barikirano 6 meseci u buradima \u010duvenog Vinjaka 5. Dobijeno od istoimene sorte gro\u017e\u0111a iz Rubinovih vinograda sa rejona Tri Morave. Jedinstveno I autenti\u010dno, pomera granice zahvaljuju\u0107i zavr\u0161noj fazi odle\u017eavanja. Bogati vo\u0107ni mirisi sa punim zaokru\u017eenim ukusom, upotpunjeni su bogatom teksturom delikatnih nota hrasta. Vrlo intenzivno I slojevito vino, izra\u017eene sve\u017eine sa dugotrajnim aromama I na zavr\u0161nici kremastim tonovima. Ja\u010dina 14% alc.<\/div>\n<p><!-- .vgblk-rw-wrapper --><\/p>","protected":false},"excerpt":{"rendered":"<p>Belo vino sazrevalo u tradicionalnim buradima za vino 12 meseci, a zatim dodatno barikirano 6 meseci u buradima \u010duvenog Vinjaka 5. Dobijeno od istoimene sorte gro\u017e\u0111a iz Rubinovih vinograda sa rejona Tri Morave. Jedinstveno I autenti\u010dno, pomera granice zahvaljuju\u0107i zavr\u0161noj fazi odle\u017eavanja. Bogati vo\u0107ni mirisi sa punim zaokru\u017eenim ukusom, upotpunjeni su bogatom teksturom delikatnih nota&#8230;<\/p>","protected":false},"featured_media":990184,"comment_status":"open","ping_status":"closed","template":"","meta":[],"product_brand":[],"product_cat":[54],"product_tag":[],"class_list":{"0":"post-990180","1":"product","2":"type-product","3":"status-publish","4":"has-post-thumbnail","6":"product_cat-premium-vina","8":"first","9":"instock","10":"shipping-taxable","11":"product-type-simple"},"yoast_head":"<!-- This site is optimized with the Yoast SEO plugin v27.1.1 - https:\/\/yoast.com\/product\/yoast-seo-wordpress\/ -->\n<title>DOUBLE BARRQUE SAUVIGNON BLANC - Rubin<\/title>\n<meta name=\"robots\" content=\"index, follow, max-snippet:-1, max-image-preview:large, max-video-preview:-1\" \/>\n<link rel=\"canonical\" href=\"https:\/\/www.rubin.rs\/ru\/proizvod\/double-barrque-sauvignon-blanc\/\" \/>\n<meta property=\"og:locale\" content=\"ru_RU\" \/>\n<meta property=\"og:type\" content=\"article\" \/>\n<meta property=\"og:title\" content=\"DOUBLE BARRQUE SAUVIGNON BLANC - Rubin\" \/>\n<meta property=\"og:description\" content=\"Belo vino sazrevalo u tradicionalnim buradima za vino 12 meseci, a zatim dodatno barikirano 6 meseci u buradima \u010duvenog Vinjaka 5. Dobijeno od istoimene sorte gro\u017e\u0111a iz Rubinovih vinograda sa rejona Tri Morave. Jedinstveno I autenti\u010dno, pomera granice zahvaljuju\u0107i zavr\u0161noj fazi odle\u017eavanja. Bogati vo\u0107ni mirisi sa punim zaokru\u017eenim ukusom, upotpunjeni su bogatom teksturom delikatnih nota...\" \/>\n<meta property=\"og:url\" content=\"https:\/\/www.rubin.rs\/ru\/proizvod\/double-barrque-sauvignon-blanc\/\" \/>\n<meta property=\"og:site_name\" content=\"Rubin\" \/>\n<meta property=\"article:modified_time\" content=\"2024-11-08T08:21:44+00:00\" \/>\n<meta property=\"og:image\" content=\"https:\/\/www.rubin.rs\/wp-content\/uploads\/2022\/04\/DB-Sauvignon-Blanc-copy-1.png\" \/>\n\t<meta property=\"og:image:width\" content=\"900\" \/>\n\t<meta property=\"og:image:height\" content=\"891\" \/>\n\t<meta property=\"og:image:type\" content=\"image\/png\" \/>\n<meta name=\"twitter:card\" content=\"summary_large_image\" \/>\n<meta name=\"twitter:label1\" content=\"Primernoe vrem\u044f dl\u044f \u010dteni\u044f\" \/>\n\t<meta name=\"twitter:data1\" content=\"1 minuta\" \/>\n<script type=\"application\/ld+json\" class=\"yoast-schema-graph\">{\"@context\":\"https:\/\/schema.org\",\"@graph\":[{\"@type\":\"WebPage\",\"@id\":\"https:\/\/www.rubin.rs\/proizvod\/double-barrque-sauvignon-blanc\/\",\"url\":\"https:\/\/www.rubin.rs\/proizvod\/double-barrque-sauvignon-blanc\/\",\"name\":\"DOUBLE BARRQUE SAUVIGNON BLANC - Rubin\",\"isPartOf\":{\"@id\":\"https:\/\/www.rubin.rs\/#website\"},\"primaryImageOfPage\":{\"@id\":\"https:\/\/www.rubin.rs\/proizvod\/double-barrque-sauvignon-blanc\/#primaryimage\"},\"image\":{\"@id\":\"https:\/\/www.rubin.rs\/proizvod\/double-barrque-sauvignon-blanc\/#primaryimage\"},\"thumbnailUrl\":\"https:\/\/www.rubin.rs\/wp-content\/uploads\/2022\/04\/DB-Sauvignon-Blanc-copy-1.png\",\"datePublished\":\"2022-04-12T09:25:56+00:00\",\"dateModified\":\"2024-11-08T08:21:44+00:00\",\"breadcrumb\":{\"@id\":\"https:\/\/www.rubin.rs\/proizvod\/double-barrque-sauvignon-blanc\/#breadcrumb\"},\"inLanguage\":\"ru-RU\",\"potentialAction\":[{\"@type\":\"ReadAction\",\"target\":[\"https:\/\/www.rubin.rs\/proizvod\/double-barrque-sauvignon-blanc\/\"]}]},{\"@type\":\"ImageObject\",\"inLanguage\":\"ru-RU\",\"@id\":\"https:\/\/www.rubin.rs\/proizvod\/double-barrque-sauvignon-blanc\/#primaryimage\",\"url\":\"https:\/\/www.rubin.rs\/wp-content\/uploads\/2022\/04\/DB-Sauvignon-Blanc-copy-1.png\",\"contentUrl\":\"https:\/\/www.rubin.rs\/wp-content\/uploads\/2022\/04\/DB-Sauvignon-Blanc-copy-1.png\",\"width\":900,\"height\":891},{\"@type\":\"BreadcrumbList\",\"@id\":\"https:\/\/www.rubin.rs\/proizvod\/double-barrque-sauvignon-blanc\/#breadcrumb\",\"itemListElement\":[{\"@type\":\"ListItem\",\"position\":1,\"name\":\"\u041f\u043e\u0447\u0435\u0442\u043d\u0430\",\"item\":\"https:\/\/www.rubin.rs\/\"},{\"@type\":\"ListItem\",\"position\":2,\"name\":\"Shop\",\"item\":\"https:\/\/www.rubin.rs\/shop\/\"},{\"@type\":\"ListItem\",\"position\":3,\"name\":\"DOUBLE BARRQUE SAUVIGNON BLANC\"}]},{\"@type\":\"WebSite\",\"@id\":\"https:\/\/www.rubin.rs\/#website\",\"url\":\"https:\/\/www.rubin.rs\/\",\"name\":\"Rubin\",\"description\":\"\",\"publisher\":{\"@id\":\"https:\/\/www.rubin.rs\/#organization\"},\"potentialAction\":[{\"@type\":\"SearchAction\",\"target\":{\"@type\":\"EntryPoint\",\"urlTemplate\":\"https:\/\/www.rubin.rs\/?s={search_term_string}\"},\"query-input\":{\"@type\":\"PropertyValueSpecification\",\"valueRequired\":true,\"valueName\":\"search_term_string\"}}],\"inLanguage\":\"ru-RU\"},{\"@type\":\"Organization\",\"@id\":\"https:\/\/www.rubin.rs\/#organization\",\"name\":\"Rubin\",\"url\":\"https:\/\/www.rubin.rs\/\",\"logo\":{\"@type\":\"ImageObject\",\"inLanguage\":\"ru-RU\",\"@id\":\"https:\/\/www.rubin.rs\/#\/schema\/logo\/image\/\",\"url\":\"https:\/\/www.rubin.rs\/wp-content\/uploads\/2021\/01\/cropped-cropped-rubin-logo-1-1.png\",\"contentUrl\":\"https:\/\/www.rubin.rs\/wp-content\/uploads\/2021\/01\/cropped-cropped-rubin-logo-1-1.png\",\"width\":261,\"height\":106,\"caption\":\"Rubin\"},\"image\":{\"@id\":\"https:\/\/www.rubin.rs\/#\/schema\/logo\/image\/\"}}]}<\/script>\n<!-- \/ Yoast SEO plugin. -->","yoast_head_json":{"title":"DOUBLE BARRQUE SAUVIGNON BLANC - Rubin","robots":{"index":"index","follow":"follow","max-snippet":"max-snippet:-1","max-image-preview":"max-image-preview:large","max-video-preview":"max-video-preview:-1"},"canonical":"https:\/\/www.rubin.rs\/ru\/proizvod\/double-barrque-sauvignon-blanc\/","og_locale":"ru_RU","og_type":"article","og_title":"DOUBLE BARRQUE SAUVIGNON BLANC - Rubin","og_description":"Belo vino sazrevalo u tradicionalnim buradima za vino 12 meseci, a zatim dodatno barikirano 6 meseci u buradima \u010duvenog Vinjaka 5. Dobijeno od istoimene sorte gro\u017e\u0111a iz Rubinovih vinograda sa rejona Tri Morave. Jedinstveno I autenti\u010dno, pomera granice zahvaljuju\u0107i zavr\u0161noj fazi odle\u017eavanja. Bogati vo\u0107ni mirisi sa punim zaokru\u017eenim ukusom, upotpunjeni su bogatom teksturom delikatnih nota...","og_url":"https:\/\/www.rubin.rs\/ru\/proizvod\/double-barrque-sauvignon-blanc\/","og_site_name":"Rubin","article_modified_time":"2024-11-08T08:21:44+00:00","og_image":[{"width":900,"height":891,"url":"https:\/\/www.rubin.rs\/wp-content\/uploads\/2022\/04\/DB-Sauvignon-Blanc-copy-1.png","type":"image\/png"}],"twitter_card":"summary_large_image","twitter_misc":{"Primernoe vrem\u044f dl\u044f \u010dteni\u044f":"1 minuta"},"schema":{"@context":"https:\/\/schema.org","@graph":[{"@type":"WebPage","@id":"https:\/\/www.rubin.rs\/proizvod\/double-barrque-sauvignon-blanc\/","url":"https:\/\/www.rubin.rs\/proizvod\/double-barrque-sauvignon-blanc\/","name":"DOUBLE BARRQUE SAUVIGNON BLANC - Rubin","isPartOf":{"@id":"https:\/\/www.rubin.rs\/#website"},"primaryImageOfPage":{"@id":"https:\/\/www.rubin.rs\/proizvod\/double-barrque-sauvignon-blanc\/#primaryimage"},"image":{"@id":"https:\/\/www.rubin.rs\/proizvod\/double-barrque-sauvignon-blanc\/#primaryimage"},"thumbnailUrl":"https:\/\/www.rubin.rs\/wp-content\/uploads\/2022\/04\/DB-Sauvignon-Blanc-copy-1.png","datePublished":"2022-04-12T09:25:56+00:00","dateModified":"2024-11-08T08:21:44+00:00","breadcrumb":{"@id":"https:\/\/www.rubin.rs\/proizvod\/double-barrque-sauvignon-blanc\/#breadcrumb"},"inLanguage":"ru-RU","potentialAction":[{"@type":"ReadAction","target":["https:\/\/www.rubin.rs\/proizvod\/double-barrque-sauvignon-blanc\/"]}]},{"@type":"ImageObject","inLanguage":"ru-RU","@id":"https:\/\/www.rubin.rs\/proizvod\/double-barrque-sauvignon-blanc\/#primaryimage","url":"https:\/\/www.rubin.rs\/wp-content\/uploads\/2022\/04\/DB-Sauvignon-Blanc-copy-1.png","contentUrl":"https:\/\/www.rubin.rs\/wp-content\/uploads\/2022\/04\/DB-Sauvignon-Blanc-copy-1.png","width":900,"height":891},{"@type":"BreadcrumbList","@id":"https:\/\/www.rubin.rs\/proizvod\/double-barrque-sauvignon-blanc\/#breadcrumb","itemListElement":[{"@type":"ListItem","position":1,"name":"\u041f\u043e\u0447\u0435\u0442\u043d\u0430","item":"https:\/\/www.rubin.rs\/"},{"@type":"ListItem","position":2,"name":"Shop","item":"https:\/\/www.rubin.rs\/shop\/"},{"@type":"ListItem","position":3,"name":"DOUBLE BARRQUE SAUVIGNON BLANC"}]},{"@type":"WebSite","@id":"https:\/\/www.rubin.rs\/#website","url":"https:\/\/www.rubin.rs\/","name":"\u0420\u0443\u0431\u0438\u043d","description":"","publisher":{"@id":"https:\/\/www.rubin.rs\/#organization"},"potentialAction":[{"@type":"SearchAction","target":{"@type":"EntryPoint","urlTemplate":"https:\/\/www.rubin.rs\/?s={search_term_string}"},"query-input":{"@type":"PropertyValueSpecification","valueRequired":true,"valueName":"search_term_string"}}],"inLanguage":"ru-RU"},{"@type":"Organization","@id":"https:\/\/www.rubin.rs\/#organization","name":"\u0420\u0443\u0431\u0438\u043d","url":"https:\/\/www.rubin.rs\/","logo":{"@type":"ImageObject","inLanguage":"ru-RU","@id":"https:\/\/www.rubin.rs\/#\/schema\/logo\/image\/","url":"https:\/\/www.rubin.rs\/wp-content\/uploads\/2021\/01\/cropped-cropped-rubin-logo-1-1.png","contentUrl":"https:\/\/www.rubin.rs\/wp-content\/uploads\/2021\/01\/cropped-cropped-rubin-logo-1-1.png","width":261,"height":106,"caption":"Rubin"},"image":{"@id":"https:\/\/www.rubin.rs\/#\/schema\/logo\/image\/"}}]}},"_links":{"self":[{"href":"https:\/\/www.rubin.rs\/ru\/wp-json\/wp\/v2\/product\/990180","targetHints":{"allow":["GET"]}}],"collection":[{"href":"https:\/\/www.rubin.rs\/ru\/wp-json\/wp\/v2\/product"}],"about":[{"href":"https:\/\/www.rubin.rs\/ru\/wp-json\/wp\/v2\/types\/product"}],"replies":[{"embeddable":true,"href":"https:\/\/www.rubin.rs\/ru\/wp-json\/wp\/v2\/comments?post=990180"}],"version-history":[{"count":4,"href":"https:\/\/www.rubin.rs\/ru\/wp-json\/wp\/v2\/product\/990180\/revisions"}],"predecessor-version":[{"id":990704,"href":"https:\/\/www.rubin.rs\/ru\/wp-json\/wp\/v2\/product\/990180\/revisions\/990704"}],"wp:featuredmedia":[{"embeddable":true,"href":"https:\/\/www.rubin.rs\/ru\/wp-json\/wp\/v2\/media\/990184"}],"wp:attachment":[{"href":"https:\/\/www.rubin.rs\/ru\/wp-json\/wp\/v2\/media?parent=990180"}],"wp:term":[{"taxonomy":"product_brand","embeddable":true,"href":"https:\/\/www.rubin.rs\/ru\/wp-json\/wp\/v2\/product_brand?post=990180"},{"taxonomy":"product_cat","embeddable":true,"href":"https:\/\/www.rubin.rs\/ru\/wp-json\/wp\/v2\/product_cat?post=990180"},{"taxonomy":"product_tag","embeddable":true,"href":"https:\/\/www.rubin.rs\/ru\/wp-json\/wp\/v2\/product_tag?post=990180"}],"curies":[{"name":"wp","href":"https:\/\/api.w.org\/{rel}","templated":true}]}}