{"id":988273,"date":"2021-01-26T15:12:20","date_gmt":"2021-01-26T14:12:20","guid":{"rendered":"https:\/\/www.rubin.smartnetmedia.rs\/?post_type=product&#038;p=988273"},"modified":"2024-11-07T14:43:54","modified_gmt":"2024-11-07T13:43:54","slug":"rubinov-prokupac-2","status":"publish","type":"product","link":"https:\/\/www.rubin.rs\/zh\/proizvod\/rubinov-prokupac-2\/","title":{"rendered":"RUBINOV PROKUPAC"},"content":{"rendered":"<div class=\"vgblk-rw-wrapper limit-wrapper\">Kvalitetno suvo crveno vino koje se pravi od istoimene autohtone sorte gro\u017e\u0111a, prokupac, iz s vinograda u rejonu Tri Morave. Rubinov Prokupac je \u010detvrtu godinu za redom nosilac \u017eiga \u010cuvarku\u0107a, Stvarano u Srbiji, kao garant porekla I kvaliteta&#8217; vina. Vino je autenti\u010dno, intenzivno crvene boje rubina sa jasnim mirisnim tonovima zrelog crvenog vo\u0107a. Servirati ga na 16-18\u00baC uz veoma za\u010dinjena jela, crveno meso sa pe\u010durkama, jagnje\u0107e i svinjsko pe\u010denje, sva tradicionalna srpska jela.<\/p>\n<p>&nbsp;<\/p>\n<div class=\"vamtam-video-frame\"><iframe title=\"Rubinov Prokupac\" width=\"1260\" height=\"945\" src=\"https:\/\/www.youtube.com\/embed\/Kdz74oa30xU?feature=oembed\" frameborder=\"0\" allow=\"accelerometer; autoplay; clipboard-write; encrypted-media; gyroscope; picture-in-picture; web-share\" referrerpolicy=\"strict-origin-when-cross-origin\" allowfullscreen><\/iframe><\/div>\n<p>&nbsp;<\/p><\/div>\n<p><!-- .vgblk-rw-wrapper --><\/p>","protected":false},"excerpt":{"rendered":"<ul>\n<li><span style=\"color: #c3002f;\"><em>\u9152\u7cbe\u542b\u91cf\uff1a13\uff05<\/em><\/span><\/li>\n<li><span style=\"color: #c3002f;\"><em>\u5c06\u5176\u88c5\u5165\u5bb9\u91cf\u4e3a0.75 l\u7684\u73bb\u7483\u74f6\u4e2d<\/em><\/span><\/li>\n<li><span style=\"color: #c3002f;\"><em>\u793c\u5305Prokupac + 2\u676f<\/em><\/span><\/li>\n<\/ul>","protected":false},"featured_media":990328,"comment_status":"closed","ping_status":"closed","template":"","meta":[],"product_brand":[],"product_cat":[56],"product_tag":[],"class_list":{"0":"post-988273","1":"product","2":"type-product","3":"status-publish","4":"has-post-thumbnail","6":"product_cat-vina-sa-pecatom","8":"first","9":"instock","10":"shipping-taxable","11":"product-type-simple"},"yoast_head":"<!-- This site is optimized with the Yoast SEO plugin v27.1.1 - https:\/\/yoast.com\/product\/yoast-seo-wordpress\/ -->\n<title>RUBINOV PROKUPAC | VINO SA PE\u010cATOM | Rubin<\/title>\n<meta name=\"robots\" content=\"index, follow, max-snippet:-1, max-image-preview:large, max-video-preview:-1\" \/>\n<link rel=\"canonical\" href=\"https:\/\/www.rubin.rs\/zh\/proizvod\/rubinov-prokupac-2\/\" \/>\n<meta property=\"og:locale\" content=\"zh_CN\" \/>\n<meta property=\"og:type\" content=\"article\" \/>\n<meta property=\"og:title\" content=\"RUBINOV PROKUPAC | VINO SA PE\u010cATOM | Rubin\" \/>\n<meta property=\"og:description\" content=\"Sadr\u017eaj alkohola: 13%v\/v  Puni se u staklene boce zapremine 0.75l  Poklon paket Prokupac + 2 \u010da\u0161e\" \/>\n<meta property=\"og:url\" content=\"https:\/\/www.rubin.rs\/zh\/proizvod\/rubinov-prokupac-2\/\" \/>\n<meta property=\"og:site_name\" content=\"Rubin\" \/>\n<meta property=\"article:modified_time\" content=\"2024-11-07T13:43:54+00:00\" \/>\n<meta property=\"og:image\" content=\"https:\/\/www.rubin.rs\/wp-content\/uploads\/2021\/01\/Prokupac-Rubin-07-1-2.png\" \/>\n\t<meta property=\"og:image:width\" content=\"1313\" \/>\n\t<meta property=\"og:image:height\" content=\"1313\" \/>\n\t<meta property=\"og:image:type\" content=\"image\/png\" \/>\n<meta name=\"twitter:card\" content=\"summary_large_image\" \/>\n<meta name=\"twitter:label1\" content=\"\u9884\u8ba1\u9605\u8bfb\u65f6\u95f4\" \/>\n\t<meta name=\"twitter:data1\" content=\"1 \u5206\" \/>\n<script type=\"application\/ld+json\" class=\"yoast-schema-graph\">{\"@context\":\"https:\/\/schema.org\",\"@graph\":[{\"@type\":\"WebPage\",\"@id\":\"https:\/\/www.rubin.rs\/proizvod\/rubinov-prokupac-2\/\",\"url\":\"https:\/\/www.rubin.rs\/proizvod\/rubinov-prokupac-2\/\",\"name\":\"RUBINOV PROKUPAC | VINO SA PE\u010cATOM | Rubin\",\"isPartOf\":{\"@id\":\"https:\/\/www.rubin.rs\/#website\"},\"primaryImageOfPage\":{\"@id\":\"https:\/\/www.rubin.rs\/proizvod\/rubinov-prokupac-2\/#primaryimage\"},\"image\":{\"@id\":\"https:\/\/www.rubin.rs\/proizvod\/rubinov-prokupac-2\/#primaryimage\"},\"thumbnailUrl\":\"https:\/\/www.rubin.rs\/wp-content\/uploads\/2021\/01\/Prokupac-Rubin-07-1-2.png\",\"datePublished\":\"2021-01-26T14:12:20+00:00\",\"dateModified\":\"2024-11-07T13:43:54+00:00\",\"breadcrumb\":{\"@id\":\"https:\/\/www.rubin.rs\/proizvod\/rubinov-prokupac-2\/#breadcrumb\"},\"inLanguage\":\"zh-Hans\",\"potentialAction\":[{\"@type\":\"ReadAction\",\"target\":[\"https:\/\/www.rubin.rs\/proizvod\/rubinov-prokupac-2\/\"]}]},{\"@type\":\"ImageObject\",\"inLanguage\":\"zh-Hans\",\"@id\":\"https:\/\/www.rubin.rs\/proizvod\/rubinov-prokupac-2\/#primaryimage\",\"url\":\"https:\/\/www.rubin.rs\/wp-content\/uploads\/2021\/01\/Prokupac-Rubin-07-1-2.png\",\"contentUrl\":\"https:\/\/www.rubin.rs\/wp-content\/uploads\/2021\/01\/Prokupac-Rubin-07-1-2.png\",\"width\":1313,\"height\":1313},{\"@type\":\"BreadcrumbList\",\"@id\":\"https:\/\/www.rubin.rs\/proizvod\/rubinov-prokupac-2\/#breadcrumb\",\"itemListElement\":[{\"@type\":\"ListItem\",\"position\":1,\"name\":\"\u041f\u043e\u0447\u0435\u0442\u043d\u0430\",\"item\":\"https:\/\/www.rubin.rs\/\"},{\"@type\":\"ListItem\",\"position\":2,\"name\":\"Shop\",\"item\":\"https:\/\/www.rubin.rs\/shop\/\"},{\"@type\":\"ListItem\",\"position\":3,\"name\":\"RUBINOV PROKUPAC\"}]},{\"@type\":\"WebSite\",\"@id\":\"https:\/\/www.rubin.rs\/#website\",\"url\":\"https:\/\/www.rubin.rs\/\",\"name\":\"Rubin\",\"description\":\"\",\"publisher\":{\"@id\":\"https:\/\/www.rubin.rs\/#organization\"},\"potentialAction\":[{\"@type\":\"SearchAction\",\"target\":{\"@type\":\"EntryPoint\",\"urlTemplate\":\"https:\/\/www.rubin.rs\/?s={search_term_string}\"},\"query-input\":{\"@type\":\"PropertyValueSpecification\",\"valueRequired\":true,\"valueName\":\"search_term_string\"}}],\"inLanguage\":\"zh-Hans\"},{\"@type\":\"Organization\",\"@id\":\"https:\/\/www.rubin.rs\/#organization\",\"name\":\"Rubin\",\"url\":\"https:\/\/www.rubin.rs\/\",\"logo\":{\"@type\":\"ImageObject\",\"inLanguage\":\"zh-Hans\",\"@id\":\"https:\/\/www.rubin.rs\/#\/schema\/logo\/image\/\",\"url\":\"https:\/\/www.rubin.rs\/wp-content\/uploads\/2021\/01\/cropped-cropped-rubin-logo-1-1.png\",\"contentUrl\":\"https:\/\/www.rubin.rs\/wp-content\/uploads\/2021\/01\/cropped-cropped-rubin-logo-1-1.png\",\"width\":261,\"height\":106,\"caption\":\"Rubin\"},\"image\":{\"@id\":\"https:\/\/www.rubin.rs\/#\/schema\/logo\/image\/\"}}]}<\/script>\n<!-- \/ Yoast SEO plugin. -->","yoast_head_json":{"title":"RUBINOV PROKUPAC | VINO SA PE\u010cATOM | Rubin","robots":{"index":"index","follow":"follow","max-snippet":"max-snippet:-1","max-image-preview":"max-image-preview:large","max-video-preview":"max-video-preview:-1"},"canonical":"https:\/\/www.rubin.rs\/zh\/proizvod\/rubinov-prokupac-2\/","og_locale":"zh_CN","og_type":"article","og_title":"RUBINOV PROKUPAC | VINO SA PE\u010cATOM | Rubin","og_description":"Sadr\u017eaj alkohola: 13%v\/v  Puni se u staklene boce zapremine 0.75l  Poklon paket Prokupac + 2 \u010da\u0161e","og_url":"https:\/\/www.rubin.rs\/zh\/proizvod\/rubinov-prokupac-2\/","og_site_name":"Rubin","article_modified_time":"2024-11-07T13:43:54+00:00","og_image":[{"width":1313,"height":1313,"url":"https:\/\/www.rubin.rs\/wp-content\/uploads\/2021\/01\/Prokupac-Rubin-07-1-2.png","type":"image\/png"}],"twitter_card":"summary_large_image","twitter_misc":{"\u9884\u8ba1\u9605\u8bfb\u65f6\u95f4":"1 \u5206"},"schema":{"@context":"https:\/\/schema.org","@graph":[{"@type":"WebPage","@id":"https:\/\/www.rubin.rs\/proizvod\/rubinov-prokupac-2\/","url":"https:\/\/www.rubin.rs\/proizvod\/rubinov-prokupac-2\/","name":"RUBINOV PROKUPAC | VINO SA PE\u010cATOM | Rubin","isPartOf":{"@id":"https:\/\/www.rubin.rs\/#website"},"primaryImageOfPage":{"@id":"https:\/\/www.rubin.rs\/proizvod\/rubinov-prokupac-2\/#primaryimage"},"image":{"@id":"https:\/\/www.rubin.rs\/proizvod\/rubinov-prokupac-2\/#primaryimage"},"thumbnailUrl":"https:\/\/www.rubin.rs\/wp-content\/uploads\/2021\/01\/Prokupac-Rubin-07-1-2.png","datePublished":"2021-01-26T14:12:20+00:00","dateModified":"2024-11-07T13:43:54+00:00","breadcrumb":{"@id":"https:\/\/www.rubin.rs\/proizvod\/rubinov-prokupac-2\/#breadcrumb"},"inLanguage":"zh-Hans","potentialAction":[{"@type":"ReadAction","target":["https:\/\/www.rubin.rs\/proizvod\/rubinov-prokupac-2\/"]}]},{"@type":"ImageObject","inLanguage":"zh-Hans","@id":"https:\/\/www.rubin.rs\/proizvod\/rubinov-prokupac-2\/#primaryimage","url":"https:\/\/www.rubin.rs\/wp-content\/uploads\/2021\/01\/Prokupac-Rubin-07-1-2.png","contentUrl":"https:\/\/www.rubin.rs\/wp-content\/uploads\/2021\/01\/Prokupac-Rubin-07-1-2.png","width":1313,"height":1313},{"@type":"BreadcrumbList","@id":"https:\/\/www.rubin.rs\/proizvod\/rubinov-prokupac-2\/#breadcrumb","itemListElement":[{"@type":"ListItem","position":1,"name":"\u041f\u043e\u0447\u0435\u0442\u043d\u0430","item":"https:\/\/www.rubin.rs\/"},{"@type":"ListItem","position":2,"name":"Shop","item":"https:\/\/www.rubin.rs\/shop\/"},{"@type":"ListItem","position":3,"name":"RUBINOV PROKUPAC"}]},{"@type":"WebSite","@id":"https:\/\/www.rubin.rs\/#website","url":"https:\/\/www.rubin.rs\/","name":"\u7ea2\u5b9d\u77f3","description":"","publisher":{"@id":"https:\/\/www.rubin.rs\/#organization"},"potentialAction":[{"@type":"SearchAction","target":{"@type":"EntryPoint","urlTemplate":"https:\/\/www.rubin.rs\/?s={search_term_string}"},"query-input":{"@type":"PropertyValueSpecification","valueRequired":true,"valueName":"search_term_string"}}],"inLanguage":"zh-Hans"},{"@type":"Organization","@id":"https:\/\/www.rubin.rs\/#organization","name":"\u7ea2\u5b9d\u77f3","url":"https:\/\/www.rubin.rs\/","logo":{"@type":"ImageObject","inLanguage":"zh-Hans","@id":"https:\/\/www.rubin.rs\/#\/schema\/logo\/image\/","url":"https:\/\/www.rubin.rs\/wp-content\/uploads\/2021\/01\/cropped-cropped-rubin-logo-1-1.png","contentUrl":"https:\/\/www.rubin.rs\/wp-content\/uploads\/2021\/01\/cropped-cropped-rubin-logo-1-1.png","width":261,"height":106,"caption":"Rubin"},"image":{"@id":"https:\/\/www.rubin.rs\/#\/schema\/logo\/image\/"}}]}},"_links":{"self":[{"href":"https:\/\/www.rubin.rs\/zh\/wp-json\/wp\/v2\/product\/988273","targetHints":{"allow":["GET"]}}],"collection":[{"href":"https:\/\/www.rubin.rs\/zh\/wp-json\/wp\/v2\/product"}],"about":[{"href":"https:\/\/www.rubin.rs\/zh\/wp-json\/wp\/v2\/types\/product"}],"replies":[{"embeddable":true,"href":"https:\/\/www.rubin.rs\/zh\/wp-json\/wp\/v2\/comments?post=988273"}],"version-history":[{"count":5,"href":"https:\/\/www.rubin.rs\/zh\/wp-json\/wp\/v2\/product\/988273\/revisions"}],"predecessor-version":[{"id":988713,"href":"https:\/\/www.rubin.rs\/zh\/wp-json\/wp\/v2\/product\/988273\/revisions\/988713"}],"wp:featuredmedia":[{"embeddable":true,"href":"https:\/\/www.rubin.rs\/zh\/wp-json\/wp\/v2\/media\/990328"}],"wp:attachment":[{"href":"https:\/\/www.rubin.rs\/zh\/wp-json\/wp\/v2\/media?parent=988273"}],"wp:term":[{"taxonomy":"product_brand","embeddable":true,"href":"https:\/\/www.rubin.rs\/zh\/wp-json\/wp\/v2\/product_brand?post=988273"},{"taxonomy":"product_cat","embeddable":true,"href":"https:\/\/www.rubin.rs\/zh\/wp-json\/wp\/v2\/product_cat?post=988273"},{"taxonomy":"product_tag","embeddable":true,"href":"https:\/\/www.rubin.rs\/zh\/wp-json\/wp\/v2\/product_tag?post=988273"}],"curies":[{"name":"wp","href":"https:\/\/api.w.org\/{rel}","templated":true}]}}