{"id":990347,"date":"2023-05-11T14:18:07","date_gmt":"2023-05-11T12:18:07","guid":{"rendered":"https:\/\/www.rubin.rs\/?post_type=product&#038;p=990347"},"modified":"2024-11-07T13:44:43","modified_gmt":"2024-11-07T12:44:43","slug":"hedonik","status":"publish","type":"product","link":"https:\/\/www.rubin.rs\/zh\/proizvod\/hedonik\/","title":{"rendered":"HEDONIC <br> 50 years old"},"content":{"rendered":"<div class=\"vgblk-rw-wrapper limit-wrapper\">\n<p class=\"v1x_MsoNormal\">Arhivski Vinjak Hedonik 50 years old<\/p>\n<p class=\"v1x_MsoNormal\">Arhivski Vinjak Hedonic, star 50 godina, najpresti\u017eniji je proizvod iz porodice vinjaka. Kraljevsko izdanje u koje je unet decenijski rad, trud i znanje. Umetnost ovog pi\u0107a le\u017ei u \u010dinjenici da je Hedonic nastao prema jedinstvenoj recepturi utemeljenoj na iskustvu i tradiciji.<\/p>\n<p class=\"v1x_MsoNormal\">Neverovantih 50 godina, odabrani vinski destilati i vinjaci kultivisani su i sazrevali u specifi\u010dnim Rubinovim buradima proizvedenim od srpskog hrasta. Godine odle\u017eavanja tokom kojih dolazi do niza procesa u vinskom destilatu su jedan od najva\u017enijih faktora koji uti\u010du na nezaboravan ukus i miris ovog pica.<\/p>\n<p class=\"v1x_MsoNormal\">Najpre sna\u017ean i slo\u017een na prvi utisak, Vinjak Hedonic prelazi u izuzetno trajan, mekan i harmoni\u010dan ton karamele, vanile i su\u0161enog vo\u0107a. Karakteri\u0161e ga intenzivno prisustvo tanina i ukus koji se dugo nakon konzumiranja zadr\u017eava i opstaje prisutan asociraju\u0107i na prijatan sladak ukus meda.<\/p>\n<p class=\"v1x_MsoNormal\">Preto\u010den u prelepu kristalnu bocu, ukra\u0161enu 24-oro karatnim zlatom, u specijalnoj ukrasnoj kutiji zajedno sa odgovaraju\u0107im aksesoarima za serviranje, predstavlja jedan aromati\u010dni vremplov i savr\u0161enu kompoziciju ukusa istinske umetnosti vinjaka.<\/p>\n<p>&nbsp;<\/p>\n<div style=\"width: 1260px;\" class=\"wp-video\"><video class=\"wp-video-shortcode\" id=\"video-990347-1\" width=\"1260\" height=\"709\" preload=\"metadata\" controls=\"controls\"><source type=\"video\/mp4\" src=\"https:\/\/www.rubin.rs\/wp-content\/uploads\/2023\/05\/hedonic-50-godina-v7_RZmFKyfT-1.mp4?_=1\" \/><a href=\"https:\/\/www.rubin.rs\/wp-content\/uploads\/2023\/05\/hedonic-50-godina-v7_RZmFKyfT-1.mp4\">https:\/\/www.rubin.rs\/wp-content\/uploads\/2023\/05\/hedonic-50-godina-v7_RZmFKyfT-1.mp4<\/a><\/video><\/div>\n<p>&nbsp;<\/p><\/div>\n<p><!-- .vgblk-rw-wrapper --><\/p>","protected":false},"excerpt":{"rendered":"<ul>\n<li><span style=\"color: #c3002f;\"><em>\u9152\u7cbe\u542b\u91cf\uff1a40\uff05<\/em><\/span><\/li>\n<li><span style=\"color: #c3002f;\"><em>\u72ec\u5bb6\u5305\u88c50.7\u5347<\/em><\/span><\/li>\n<\/ul>","protected":false},"featured_media":990665,"comment_status":"closed","ping_status":"closed","template":"","meta":[],"product_brand":[],"product_cat":[50],"product_tag":[],"class_list":{"0":"post-990347","1":"product","2":"type-product","3":"status-publish","4":"has-post-thumbnail","6":"product_cat-vinjak","8":"first","9":"instock","10":"shipping-taxable","11":"product-type-simple"},"yoast_head":"<!-- This site is optimized with the Yoast SEO plugin v27.1.1 - https:\/\/yoast.com\/product\/yoast-seo-wordpress\/ -->\n<title>HEDONIC  50 years old - Rubin<\/title>\n<meta name=\"robots\" content=\"index, follow, max-snippet:-1, max-image-preview:large, max-video-preview:-1\" \/>\n<link rel=\"canonical\" href=\"https:\/\/www.rubin.rs\/zh\/proizvod\/hedonik\/\" \/>\n<meta property=\"og:locale\" content=\"zh_CN\" \/>\n<meta property=\"og:type\" content=\"article\" \/>\n<meta property=\"og:title\" content=\"HEDONIC  50 years old - Rubin\" \/>\n<meta property=\"og:description\" content=\"Sadr\u017eaj alkohola: 40%v\/v  Ekskluzivno pakovanje 0.7 litara\" \/>\n<meta property=\"og:url\" content=\"https:\/\/www.rubin.rs\/zh\/proizvod\/hedonik\/\" \/>\n<meta property=\"og:site_name\" content=\"Rubin\" \/>\n<meta property=\"article:modified_time\" content=\"2024-11-07T12:44:43+00:00\" \/>\n<meta property=\"og:image\" content=\"https:\/\/www.rubin.rs\/wp-content\/uploads\/2023\/05\/Vinjak-Hedonic-Archives-7-scaled.jpg\" \/>\n\t<meta property=\"og:image:width\" content=\"2560\" \/>\n\t<meta property=\"og:image:height\" content=\"1707\" \/>\n\t<meta property=\"og:image:type\" content=\"image\/jpeg\" \/>\n<meta name=\"twitter:card\" content=\"summary_large_image\" \/>\n<meta name=\"twitter:label1\" content=\"\u9884\u8ba1\u9605\u8bfb\u65f6\u95f4\" \/>\n\t<meta name=\"twitter:data1\" content=\"1 \u5206\" \/>\n<script type=\"application\/ld+json\" class=\"yoast-schema-graph\">{\"@context\":\"https:\/\/schema.org\",\"@graph\":[{\"@type\":\"WebPage\",\"@id\":\"https:\/\/www.rubin.rs\/proizvod\/hedonik\/\",\"url\":\"https:\/\/www.rubin.rs\/proizvod\/hedonik\/\",\"name\":\"HEDONIC 50 years old - Rubin\",\"isPartOf\":{\"@id\":\"https:\/\/www.rubin.rs\/#website\"},\"primaryImageOfPage\":{\"@id\":\"https:\/\/www.rubin.rs\/proizvod\/hedonik\/#primaryimage\"},\"image\":{\"@id\":\"https:\/\/www.rubin.rs\/proizvod\/hedonik\/#primaryimage\"},\"thumbnailUrl\":\"https:\/\/www.rubin.rs\/wp-content\/uploads\/2023\/05\/Vinjak-Hedonic-Archives-7-scaled.jpg\",\"datePublished\":\"2023-05-11T12:18:07+00:00\",\"dateModified\":\"2024-11-07T12:44:43+00:00\",\"breadcrumb\":{\"@id\":\"https:\/\/www.rubin.rs\/proizvod\/hedonik\/#breadcrumb\"},\"inLanguage\":\"zh-Hans\",\"potentialAction\":[{\"@type\":\"ReadAction\",\"target\":[\"https:\/\/www.rubin.rs\/proizvod\/hedonik\/\"]}]},{\"@type\":\"ImageObject\",\"inLanguage\":\"zh-Hans\",\"@id\":\"https:\/\/www.rubin.rs\/proizvod\/hedonik\/#primaryimage\",\"url\":\"https:\/\/www.rubin.rs\/wp-content\/uploads\/2023\/05\/Vinjak-Hedonic-Archives-7-scaled.jpg\",\"contentUrl\":\"https:\/\/www.rubin.rs\/wp-content\/uploads\/2023\/05\/Vinjak-Hedonic-Archives-7-scaled.jpg\",\"width\":2560,\"height\":1707},{\"@type\":\"BreadcrumbList\",\"@id\":\"https:\/\/www.rubin.rs\/proizvod\/hedonik\/#breadcrumb\",\"itemListElement\":[{\"@type\":\"ListItem\",\"position\":1,\"name\":\"\u041f\u043e\u0447\u0435\u0442\u043d\u0430\",\"item\":\"https:\/\/www.rubin.rs\/\"},{\"@type\":\"ListItem\",\"position\":2,\"name\":\"Shop\",\"item\":\"https:\/\/www.rubin.rs\/shop\/\"},{\"@type\":\"ListItem\",\"position\":3,\"name\":\"HEDONIC 50 years old\"}]},{\"@type\":\"WebSite\",\"@id\":\"https:\/\/www.rubin.rs\/#website\",\"url\":\"https:\/\/www.rubin.rs\/\",\"name\":\"Rubin\",\"description\":\"\",\"publisher\":{\"@id\":\"https:\/\/www.rubin.rs\/#organization\"},\"potentialAction\":[{\"@type\":\"SearchAction\",\"target\":{\"@type\":\"EntryPoint\",\"urlTemplate\":\"https:\/\/www.rubin.rs\/?s={search_term_string}\"},\"query-input\":{\"@type\":\"PropertyValueSpecification\",\"valueRequired\":true,\"valueName\":\"search_term_string\"}}],\"inLanguage\":\"zh-Hans\"},{\"@type\":\"Organization\",\"@id\":\"https:\/\/www.rubin.rs\/#organization\",\"name\":\"Rubin\",\"url\":\"https:\/\/www.rubin.rs\/\",\"logo\":{\"@type\":\"ImageObject\",\"inLanguage\":\"zh-Hans\",\"@id\":\"https:\/\/www.rubin.rs\/#\/schema\/logo\/image\/\",\"url\":\"https:\/\/www.rubin.rs\/wp-content\/uploads\/2021\/01\/cropped-cropped-rubin-logo-1-1.png\",\"contentUrl\":\"https:\/\/www.rubin.rs\/wp-content\/uploads\/2021\/01\/cropped-cropped-rubin-logo-1-1.png\",\"width\":261,\"height\":106,\"caption\":\"Rubin\"},\"image\":{\"@id\":\"https:\/\/www.rubin.rs\/#\/schema\/logo\/image\/\"}}]}<\/script>\n<!-- \/ Yoast SEO plugin. -->","yoast_head_json":{"title":"HEDONIC  50 years old - Rubin","robots":{"index":"index","follow":"follow","max-snippet":"max-snippet:-1","max-image-preview":"max-image-preview:large","max-video-preview":"max-video-preview:-1"},"canonical":"https:\/\/www.rubin.rs\/zh\/proizvod\/hedonik\/","og_locale":"zh_CN","og_type":"article","og_title":"HEDONIC  50 years old - Rubin","og_description":"Sadr\u017eaj alkohola: 40%v\/v  Ekskluzivno pakovanje 0.7 litara","og_url":"https:\/\/www.rubin.rs\/zh\/proizvod\/hedonik\/","og_site_name":"Rubin","article_modified_time":"2024-11-07T12:44:43+00:00","og_image":[{"width":2560,"height":1707,"url":"https:\/\/www.rubin.rs\/wp-content\/uploads\/2023\/05\/Vinjak-Hedonic-Archives-7-scaled.jpg","type":"image\/jpeg"}],"twitter_card":"summary_large_image","twitter_misc":{"\u9884\u8ba1\u9605\u8bfb\u65f6\u95f4":"1 \u5206"},"schema":{"@context":"https:\/\/schema.org","@graph":[{"@type":"WebPage","@id":"https:\/\/www.rubin.rs\/proizvod\/hedonik\/","url":"https:\/\/www.rubin.rs\/proizvod\/hedonik\/","name":"HEDONIC 50 years old - Rubin","isPartOf":{"@id":"https:\/\/www.rubin.rs\/#website"},"primaryImageOfPage":{"@id":"https:\/\/www.rubin.rs\/proizvod\/hedonik\/#primaryimage"},"image":{"@id":"https:\/\/www.rubin.rs\/proizvod\/hedonik\/#primaryimage"},"thumbnailUrl":"https:\/\/www.rubin.rs\/wp-content\/uploads\/2023\/05\/Vinjak-Hedonic-Archives-7-scaled.jpg","datePublished":"2023-05-11T12:18:07+00:00","dateModified":"2024-11-07T12:44:43+00:00","breadcrumb":{"@id":"https:\/\/www.rubin.rs\/proizvod\/hedonik\/#breadcrumb"},"inLanguage":"zh-Hans","potentialAction":[{"@type":"ReadAction","target":["https:\/\/www.rubin.rs\/proizvod\/hedonik\/"]}]},{"@type":"ImageObject","inLanguage":"zh-Hans","@id":"https:\/\/www.rubin.rs\/proizvod\/hedonik\/#primaryimage","url":"https:\/\/www.rubin.rs\/wp-content\/uploads\/2023\/05\/Vinjak-Hedonic-Archives-7-scaled.jpg","contentUrl":"https:\/\/www.rubin.rs\/wp-content\/uploads\/2023\/05\/Vinjak-Hedonic-Archives-7-scaled.jpg","width":2560,"height":1707},{"@type":"BreadcrumbList","@id":"https:\/\/www.rubin.rs\/proizvod\/hedonik\/#breadcrumb","itemListElement":[{"@type":"ListItem","position":1,"name":"\u041f\u043e\u0447\u0435\u0442\u043d\u0430","item":"https:\/\/www.rubin.rs\/"},{"@type":"ListItem","position":2,"name":"Shop","item":"https:\/\/www.rubin.rs\/shop\/"},{"@type":"ListItem","position":3,"name":"HEDONIC 50 years old"}]},{"@type":"WebSite","@id":"https:\/\/www.rubin.rs\/#website","url":"https:\/\/www.rubin.rs\/","name":"\u7ea2\u5b9d\u77f3","description":"","publisher":{"@id":"https:\/\/www.rubin.rs\/#organization"},"potentialAction":[{"@type":"SearchAction","target":{"@type":"EntryPoint","urlTemplate":"https:\/\/www.rubin.rs\/?s={search_term_string}"},"query-input":{"@type":"PropertyValueSpecification","valueRequired":true,"valueName":"search_term_string"}}],"inLanguage":"zh-Hans"},{"@type":"Organization","@id":"https:\/\/www.rubin.rs\/#organization","name":"\u7ea2\u5b9d\u77f3","url":"https:\/\/www.rubin.rs\/","logo":{"@type":"ImageObject","inLanguage":"zh-Hans","@id":"https:\/\/www.rubin.rs\/#\/schema\/logo\/image\/","url":"https:\/\/www.rubin.rs\/wp-content\/uploads\/2021\/01\/cropped-cropped-rubin-logo-1-1.png","contentUrl":"https:\/\/www.rubin.rs\/wp-content\/uploads\/2021\/01\/cropped-cropped-rubin-logo-1-1.png","width":261,"height":106,"caption":"Rubin"},"image":{"@id":"https:\/\/www.rubin.rs\/#\/schema\/logo\/image\/"}}]}},"_links":{"self":[{"href":"https:\/\/www.rubin.rs\/zh\/wp-json\/wp\/v2\/product\/990347","targetHints":{"allow":["GET"]}}],"collection":[{"href":"https:\/\/www.rubin.rs\/zh\/wp-json\/wp\/v2\/product"}],"about":[{"href":"https:\/\/www.rubin.rs\/zh\/wp-json\/wp\/v2\/types\/product"}],"replies":[{"embeddable":true,"href":"https:\/\/www.rubin.rs\/zh\/wp-json\/wp\/v2\/comments?post=990347"}],"version-history":[{"count":5,"href":"https:\/\/www.rubin.rs\/zh\/wp-json\/wp\/v2\/product\/990347\/revisions"}],"predecessor-version":[{"id":990354,"href":"https:\/\/www.rubin.rs\/zh\/wp-json\/wp\/v2\/product\/990347\/revisions\/990354"}],"wp:featuredmedia":[{"embeddable":true,"href":"https:\/\/www.rubin.rs\/zh\/wp-json\/wp\/v2\/media\/990665"}],"wp:attachment":[{"href":"https:\/\/www.rubin.rs\/zh\/wp-json\/wp\/v2\/media?parent=990347"}],"wp:term":[{"taxonomy":"product_brand","embeddable":true,"href":"https:\/\/www.rubin.rs\/zh\/wp-json\/wp\/v2\/product_brand?post=990347"},{"taxonomy":"product_cat","embeddable":true,"href":"https:\/\/www.rubin.rs\/zh\/wp-json\/wp\/v2\/product_cat?post=990347"},{"taxonomy":"product_tag","embeddable":true,"href":"https:\/\/www.rubin.rs\/zh\/wp-json\/wp\/v2\/product_tag?post=990347"}],"curies":[{"name":"wp","href":"https:\/\/api.w.org\/{rel}","templated":true}]}}